{"id":824,"date":"2025-06-09T17:28:20","date_gmt":"2025-06-09T15:28:20","guid":{"rendered":"https:\/\/www.tt-experten.de\/?page_id=824"},"modified":"2025-06-09T17:28:21","modified_gmt":"2025-06-09T15:28:21","slug":"angebote-tische","status":"publish","type":"page","link":"https:\/\/www.tt-experten.de\/index.php\/angebote-tische\/","title":{"rendered":"Angebote &#8211; Tische"},"content":{"rendered":"\n<div class=\"wp-block-group is-content-justification-right is-nowrap is-layout-flex wp-container-core-group-is-layout-17124a9a wp-block-group-is-layout-flex wp-container-1 is-position-sticky\">\n<div class=\"wp-block-buttons is-layout-flex wp-block-buttons-is-layout-flex\">\n<div class=\"wp-block-button\"><a class=\"wp-block-button__link wp-element-button\" href=\"https:\/\/www.tt-experten.de\/index.php\/bestellung\/\">Bestellung aufgeben<\/a><\/div>\n<\/div>\n<\/div>\n\n\n\n<div class=\"wp-block-query is-layout-flow wp-block-query-is-layout-flow\"><ul class=\"wp-block-post-template is-layout-flow wp-block-post-template-is-layout-flow\"><li class=\"wp-block-post post-1326 post type-post status-publish format-standard has-post-thumbnail hentry category-angebote category-tische tag-angebote tag-frontpage tag-tischtennis\">\n\n<div class=\"wp-block-columns alignwide is-layout-flex wp-container-core-columns-is-layout-28f84493 wp-block-columns-is-layout-flex\">\n<div class=\"wp-block-column is-layout-flow wp-block-column-is-layout-flow\" style=\"flex-basis:66.66%\"><figure class=\"wp-block-post-featured-image\"><a href=\"https:\/\/www.tt-experten.de\/index.php\/2026\/03\/19\/sponeta-s5-outdoor-tischtennis-tisch-angebotspreis-57900-euro\/\" target=\"_self\"  ><img loading=\"lazy\" decoding=\"async\" width=\"1200\" height=\"760\" src=\"https:\/\/www.tt-experten.de\/wp-content\/uploads\/2024\/03\/SponetaS5outdoor.jpg\" class=\"attachment-post-thumbnail size-post-thumbnail wp-post-image\" alt=\"Sponeta S5 outdoor Tischtennis Tisch Angebotspreis 579,00 Euro\" style=\"object-fit:cover;\" srcset=\"https:\/\/www.tt-experten.de\/wp-content\/uploads\/2024\/03\/SponetaS5outdoor.jpg 1200w, https:\/\/www.tt-experten.de\/wp-content\/uploads\/2024\/03\/SponetaS5outdoor-300x190.jpg 300w, https:\/\/www.tt-experten.de\/wp-content\/uploads\/2024\/03\/SponetaS5outdoor-1024x649.jpg 1024w, https:\/\/www.tt-experten.de\/wp-content\/uploads\/2024\/03\/SponetaS5outdoor-768x486.jpg 768w\" sizes=\"auto, (max-width: 1200px) 100vw, 1200px\" \/><\/a><\/figure><\/div>\n\n\n\n<div class=\"wp-block-column is-layout-flow wp-block-column-is-layout-flow\" style=\"flex-basis:33.33%\"><h2 class=\"wp-block-post-title\"><a href=\"https:\/\/www.tt-experten.de\/index.php\/2026\/03\/19\/sponeta-s5-outdoor-tischtennis-tisch-angebotspreis-57900-euro\/\" target=\"_self\" >Sponeta S5 outdoor Tischtennis Tisch Angebotspreis 579,00 Euro<\/a><\/h2>\n\n<div class=\"wp-block-post-excerpt\"><p class=\"wp-block-post-excerpt__excerpt\"> <\/p><\/div><\/div>\n<\/div>\n\n<\/li><li class=\"wp-block-post post-1130 post type-post status-publish format-standard has-post-thumbnail hentry category-angebote category-tische tag-andro-2 tag-angebote tag-schoelermicke tag-tischtennis\">\n\n<div class=\"wp-block-columns alignwide is-layout-flex wp-container-core-columns-is-layout-28f84493 wp-block-columns-is-layout-flex\">\n<div class=\"wp-block-column is-layout-flow wp-block-column-is-layout-flow\" style=\"flex-basis:66.66%\"><figure class=\"wp-block-post-featured-image\"><a href=\"https:\/\/www.tt-experten.de\/index.php\/2025\/11\/11\/2er-kombi-andro-roller-gruen-angebotspreis-1-96900-e-statt-2-20285-e\/\" target=\"_self\"  ><img loading=\"lazy\" decoding=\"async\" width=\"416\" height=\"285\" src=\"https:\/\/www.tt-experten.de\/wp-content\/uploads\/2025\/11\/Bildschirmfoto_11-11-2025_18323_www.schoeler-micke.de_.jpeg\" class=\"attachment-post-thumbnail size-post-thumbnail wp-post-image\" alt=\"2er Kombi andro Roller gr\u00fcn Angebotspreis 1.969,00\u00a0\u20ac*\u00a0statt 2.202,85\u00a0\u20ac\u00a0\u00a0\" style=\"object-fit:cover;\" srcset=\"https:\/\/www.tt-experten.de\/wp-content\/uploads\/2025\/11\/Bildschirmfoto_11-11-2025_18323_www.schoeler-micke.de_.jpeg 416w, https:\/\/www.tt-experten.de\/wp-content\/uploads\/2025\/11\/Bildschirmfoto_11-11-2025_18323_www.schoeler-micke.de_-300x206.jpeg 300w\" sizes=\"auto, (max-width: 416px) 100vw, 416px\" \/><\/a><\/figure><\/div>\n\n\n\n<div class=\"wp-block-column is-layout-flow wp-block-column-is-layout-flow\" style=\"flex-basis:33.33%\"><h2 class=\"wp-block-post-title\"><a href=\"https:\/\/www.tt-experten.de\/index.php\/2025\/11\/11\/2er-kombi-andro-roller-gruen-angebotspreis-1-96900-e-statt-2-20285-e\/\" target=\"_self\" >2er Kombi andro Roller gr\u00fcn Angebotspreis 1.969,00\u00a0\u20ac*\u00a0statt 2.202,85\u00a0\u20ac\u00a0\u00a0<\/a><\/h2>\n\n<div class=\"wp-block-post-excerpt\"><p class=\"wp-block-post-excerpt__excerpt\">2x andro&nbsp;Tisch Roller gr\u00fcn&nbsp;(ITTF-Zulassung) + 2 x andro&nbsp;Netz Opus TT + 1 x andro&nbsp;Speedball 3S*** 72er wei\u00df Europ\u00e4ische Norm 14468-1, Klasse A, ITTF-zugelassen, 25mm dicke Spieloberfl\u00e4che. Robuste pulverbeschichtete Rahmenprofil-Konstruktion mit breiter Plattenunterst\u00fctzung f\u00fcr optimales Ballr\u00fccksprungverhalten, Klappmechanismus <\/p><\/div><\/div>\n<\/div>\n\n<\/li><li class=\"wp-block-post post-715 post type-post status-publish format-standard has-post-thumbnail hentry category-angebote category-tische tag-andro-2 tag-angebote tag-frontpage2 tag-tischtennis\">\n\n<div class=\"wp-block-columns alignwide is-layout-flex wp-container-core-columns-is-layout-28f84493 wp-block-columns-is-layout-flex\">\n<div class=\"wp-block-column is-layout-flow wp-block-column-is-layout-flow\" style=\"flex-basis:66.66%\"><figure class=\"wp-block-post-featured-image\"><a href=\"https:\/\/www.tt-experten.de\/index.php\/2025\/05\/27\/2er-kombi-andro-magnum-sc-wettkampftisch-gruen-2-09900-e-statt-2-42285-e\/\" target=\"_self\"  ><img loading=\"lazy\" decoding=\"async\" width=\"400\" height=\"264\" src=\"https:\/\/www.tt-experten.de\/wp-content\/uploads\/2025\/05\/magnum-gruen-2er-kombiar9PsoajndAt4_400x400.jpg\" class=\"attachment-post-thumbnail size-post-thumbnail wp-post-image\" alt=\"2er Kombi andro Magnum SC Wettkampftisch gr\u00fcn 2.099,00\u00a0\u20ac*\u00a0statt 2.422,85\u00a0\u20ac\" style=\"object-fit:cover;\" srcset=\"https:\/\/www.tt-experten.de\/wp-content\/uploads\/2025\/05\/magnum-gruen-2er-kombiar9PsoajndAt4_400x400.jpg 400w, https:\/\/www.tt-experten.de\/wp-content\/uploads\/2025\/05\/magnum-gruen-2er-kombiar9PsoajndAt4_400x400-300x198.jpg 300w\" sizes=\"auto, (max-width: 400px) 100vw, 400px\" \/><\/a><\/figure><\/div>\n\n\n\n<div class=\"wp-block-column is-layout-flow wp-block-column-is-layout-flow\" style=\"flex-basis:33.33%\"><h2 class=\"wp-block-post-title\"><a href=\"https:\/\/www.tt-experten.de\/index.php\/2025\/05\/27\/2er-kombi-andro-magnum-sc-wettkampftisch-gruen-2-09900-e-statt-2-42285-e\/\" target=\"_self\" >2er Kombi andro Magnum SC Wettkampftisch gr\u00fcn 2.099,00\u00a0\u20ac*\u00a0statt 2.422,85\u00a0\u20ac<\/a><\/h2>\n\n<div class=\"wp-block-post-excerpt\"><p class=\"wp-block-post-excerpt__excerpt\">2x andro Tisch&nbsp;Magnum SC gr\u00fcn (ITTF zugelassen) + 2x andro Netz&nbsp;Opus TT + 1 x andro&nbsp;Speedball 3S*** 72er wei\u00df Lieferung Raum K\u00f6ln und Bonn <\/p><\/div><\/div>\n<\/div>\n\n<\/li><\/ul><\/div>\n","protected":false},"excerpt":{"rendered":"","protected":false},"author":1,"featured_media":0,"parent":0,"menu_order":0,"comment_status":"closed","ping_status":"closed","template":"","meta":{"footnotes":""},"class_list":["post-824","page","type-page","status-publish","hentry"],"yoast_head":"<!-- This site is optimized with the Yoast SEO plugin v27.3 - https:\/\/yoast.com\/product\/yoast-seo-wordpress\/ -->\n<title>Angebote - Tische - TT-Experten Ro\u00dfkopf &amp; Wei\u00dfbach<\/title>\n<meta name=\"description\" content=\"Finde tolle Angebote bei Tischtennis Ro\u00dfkopf Wei\u00dfbach Tisch Tische Wettkampftisch Turniertisch Outdoor Freizeit Liga Turnier andro Donic\" \/>\n<meta name=\"robots\" content=\"index, follow, max-snippet:-1, max-image-preview:large, max-video-preview:-1\" \/>\n<link rel=\"canonical\" href=\"https:\/\/www.tt-experten.de\/index.php\/angebote-tische\/\" \/>\n<meta property=\"og:locale\" content=\"de_DE\" \/>\n<meta property=\"og:type\" content=\"article\" \/>\n<meta property=\"og:title\" content=\"Angebote - Tische - TT-Experten Ro\u00dfkopf &amp; Wei\u00dfbach\" \/>\n<meta property=\"og:description\" content=\"Finde tolle Angebote bei Tischtennis Ro\u00dfkopf Wei\u00dfbach Tisch Tische Wettkampftisch Turniertisch Outdoor Freizeit Liga Turnier andro Donic\" \/>\n<meta property=\"og:url\" content=\"https:\/\/www.tt-experten.de\/index.php\/angebote-tische\/\" \/>\n<meta property=\"og:site_name\" content=\"TT-Experten Ro\u00dfkopf &amp; Wei\u00dfbach\" \/>\n<meta property=\"article:publisher\" content=\"https:\/\/www.facebook.com\/ttexpertenkoeln\" \/>\n<meta property=\"article:modified_time\" content=\"2025-06-09T15:28:21+00:00\" \/>\n<meta name=\"twitter:card\" content=\"summary_large_image\" \/>\n<meta name=\"twitter:label1\" content=\"Gesch\u00e4tzte Lesezeit\" \/>\n\t<meta name=\"twitter:data1\" content=\"1\u00a0Minute\" \/>\n<script type=\"application\/ld+json\" class=\"yoast-schema-graph\">{\"@context\":\"https:\\\/\\\/schema.org\",\"@graph\":[{\"@type\":\"WebPage\",\"@id\":\"https:\\\/\\\/www.tt-experten.de\\\/index.php\\\/angebote-tische\\\/\",\"url\":\"https:\\\/\\\/www.tt-experten.de\\\/index.php\\\/angebote-tische\\\/\",\"name\":\"Angebote - Tische - TT-Experten Ro\u00dfkopf &amp; Wei\u00dfbach\",\"isPartOf\":{\"@id\":\"https:\\\/\\\/www.tt-experten.de\\\/#website\"},\"datePublished\":\"2025-06-09T15:28:20+00:00\",\"dateModified\":\"2025-06-09T15:28:21+00:00\",\"description\":\"Finde tolle Angebote bei Tischtennis Ro\u00dfkopf Wei\u00dfbach Tisch Tische Wettkampftisch Turniertisch Outdoor Freizeit Liga Turnier andro Donic\",\"breadcrumb\":{\"@id\":\"https:\\\/\\\/www.tt-experten.de\\\/index.php\\\/angebote-tische\\\/#breadcrumb\"},\"inLanguage\":\"de\",\"potentialAction\":[{\"@type\":\"ReadAction\",\"target\":[\"https:\\\/\\\/www.tt-experten.de\\\/index.php\\\/angebote-tische\\\/\"]}]},{\"@type\":\"BreadcrumbList\",\"@id\":\"https:\\\/\\\/www.tt-experten.de\\\/index.php\\\/angebote-tische\\\/#breadcrumb\",\"itemListElement\":[{\"@type\":\"ListItem\",\"position\":1,\"name\":\"Home\",\"item\":\"https:\\\/\\\/www.tt-experten.de\\\/\"},{\"@type\":\"ListItem\",\"position\":2,\"name\":\"Angebote &#8211; Tische\"}]},{\"@type\":\"WebSite\",\"@id\":\"https:\\\/\\\/www.tt-experten.de\\\/#website\",\"url\":\"https:\\\/\\\/www.tt-experten.de\\\/\",\"name\":\"TT-Experten Ro\u00dfkopf & Wei\u00dfbach\",\"description\":\"Tischtennis f\u00fcr Alle\",\"publisher\":{\"@id\":\"https:\\\/\\\/www.tt-experten.de\\\/#organization\"},\"alternateName\":\"TT-Experten\",\"potentialAction\":[{\"@type\":\"SearchAction\",\"target\":{\"@type\":\"EntryPoint\",\"urlTemplate\":\"https:\\\/\\\/www.tt-experten.de\\\/?s={search_term_string}\"},\"query-input\":{\"@type\":\"PropertyValueSpecification\",\"valueRequired\":true,\"valueName\":\"search_term_string\"}}],\"inLanguage\":\"de\"},{\"@type\":\"Organization\",\"@id\":\"https:\\\/\\\/www.tt-experten.de\\\/#organization\",\"name\":\"TT-Experten Ro\u00dfkopf & Wei\u00dfbach\",\"url\":\"https:\\\/\\\/www.tt-experten.de\\\/\",\"logo\":{\"@type\":\"ImageObject\",\"inLanguage\":\"de\",\"@id\":\"https:\\\/\\\/www.tt-experten.de\\\/#\\\/schema\\\/logo\\\/image\\\/\",\"url\":\"https:\\\/\\\/www.tt-experten.de\\\/wp-content\\\/uploads\\\/2024\\\/03\\\/cropped-schoeler_micke_partner_blue.png\",\"contentUrl\":\"https:\\\/\\\/www.tt-experten.de\\\/wp-content\\\/uploads\\\/2024\\\/03\\\/cropped-schoeler_micke_partner_blue.png\",\"width\":160,\"height\":110,\"caption\":\"TT-Experten Ro\u00dfkopf & Wei\u00dfbach\"},\"image\":{\"@id\":\"https:\\\/\\\/www.tt-experten.de\\\/#\\\/schema\\\/logo\\\/image\\\/\"},\"sameAs\":[\"https:\\\/\\\/www.facebook.com\\\/ttexpertenkoeln\",\"https:\\\/\\\/www.instagram.com\\\/tt.experten.rosskopf.weissbach\\\/\"]}]}<\/script>\n<!-- \/ Yoast SEO plugin. -->","yoast_head_json":{"title":"Angebote - Tische - TT-Experten Ro\u00dfkopf &amp; Wei\u00dfbach","description":"Finde tolle Angebote bei Tischtennis Ro\u00dfkopf Wei\u00dfbach Tisch Tische Wettkampftisch Turniertisch Outdoor Freizeit Liga Turnier andro Donic","robots":{"index":"index","follow":"follow","max-snippet":"max-snippet:-1","max-image-preview":"max-image-preview:large","max-video-preview":"max-video-preview:-1"},"canonical":"https:\/\/www.tt-experten.de\/index.php\/angebote-tische\/","og_locale":"de_DE","og_type":"article","og_title":"Angebote - Tische - TT-Experten Ro\u00dfkopf &amp; Wei\u00dfbach","og_description":"Finde tolle Angebote bei Tischtennis Ro\u00dfkopf Wei\u00dfbach Tisch Tische Wettkampftisch Turniertisch Outdoor Freizeit Liga Turnier andro Donic","og_url":"https:\/\/www.tt-experten.de\/index.php\/angebote-tische\/","og_site_name":"TT-Experten Ro\u00dfkopf &amp; Wei\u00dfbach","article_publisher":"https:\/\/www.facebook.com\/ttexpertenkoeln","article_modified_time":"2025-06-09T15:28:21+00:00","twitter_card":"summary_large_image","twitter_misc":{"Gesch\u00e4tzte Lesezeit":"1\u00a0Minute"},"schema":{"@context":"https:\/\/schema.org","@graph":[{"@type":"WebPage","@id":"https:\/\/www.tt-experten.de\/index.php\/angebote-tische\/","url":"https:\/\/www.tt-experten.de\/index.php\/angebote-tische\/","name":"Angebote - Tische - TT-Experten Ro\u00dfkopf &amp; Wei\u00dfbach","isPartOf":{"@id":"https:\/\/www.tt-experten.de\/#website"},"datePublished":"2025-06-09T15:28:20+00:00","dateModified":"2025-06-09T15:28:21+00:00","description":"Finde tolle Angebote bei Tischtennis Ro\u00dfkopf Wei\u00dfbach Tisch Tische Wettkampftisch Turniertisch Outdoor Freizeit Liga Turnier andro Donic","breadcrumb":{"@id":"https:\/\/www.tt-experten.de\/index.php\/angebote-tische\/#breadcrumb"},"inLanguage":"de","potentialAction":[{"@type":"ReadAction","target":["https:\/\/www.tt-experten.de\/index.php\/angebote-tische\/"]}]},{"@type":"BreadcrumbList","@id":"https:\/\/www.tt-experten.de\/index.php\/angebote-tische\/#breadcrumb","itemListElement":[{"@type":"ListItem","position":1,"name":"Home","item":"https:\/\/www.tt-experten.de\/"},{"@type":"ListItem","position":2,"name":"Angebote &#8211; Tische"}]},{"@type":"WebSite","@id":"https:\/\/www.tt-experten.de\/#website","url":"https:\/\/www.tt-experten.de\/","name":"TT-Experten Ro\u00dfkopf & Wei\u00dfbach","description":"Tischtennis f\u00fcr Alle","publisher":{"@id":"https:\/\/www.tt-experten.de\/#organization"},"alternateName":"TT-Experten","potentialAction":[{"@type":"SearchAction","target":{"@type":"EntryPoint","urlTemplate":"https:\/\/www.tt-experten.de\/?s={search_term_string}"},"query-input":{"@type":"PropertyValueSpecification","valueRequired":true,"valueName":"search_term_string"}}],"inLanguage":"de"},{"@type":"Organization","@id":"https:\/\/www.tt-experten.de\/#organization","name":"TT-Experten Ro\u00dfkopf & Wei\u00dfbach","url":"https:\/\/www.tt-experten.de\/","logo":{"@type":"ImageObject","inLanguage":"de","@id":"https:\/\/www.tt-experten.de\/#\/schema\/logo\/image\/","url":"https:\/\/www.tt-experten.de\/wp-content\/uploads\/2024\/03\/cropped-schoeler_micke_partner_blue.png","contentUrl":"https:\/\/www.tt-experten.de\/wp-content\/uploads\/2024\/03\/cropped-schoeler_micke_partner_blue.png","width":160,"height":110,"caption":"TT-Experten Ro\u00dfkopf & Wei\u00dfbach"},"image":{"@id":"https:\/\/www.tt-experten.de\/#\/schema\/logo\/image\/"},"sameAs":["https:\/\/www.facebook.com\/ttexpertenkoeln","https:\/\/www.instagram.com\/tt.experten.rosskopf.weissbach\/"]}]}},"_links":{"self":[{"href":"https:\/\/www.tt-experten.de\/index.php\/wp-json\/wp\/v2\/pages\/824","targetHints":{"allow":["GET"]}}],"collection":[{"href":"https:\/\/www.tt-experten.de\/index.php\/wp-json\/wp\/v2\/pages"}],"about":[{"href":"https:\/\/www.tt-experten.de\/index.php\/wp-json\/wp\/v2\/types\/page"}],"author":[{"embeddable":true,"href":"https:\/\/www.tt-experten.de\/index.php\/wp-json\/wp\/v2\/users\/1"}],"replies":[{"embeddable":true,"href":"https:\/\/www.tt-experten.de\/index.php\/wp-json\/wp\/v2\/comments?post=824"}],"version-history":[{"count":1,"href":"https:\/\/www.tt-experten.de\/index.php\/wp-json\/wp\/v2\/pages\/824\/revisions"}],"predecessor-version":[{"id":825,"href":"https:\/\/www.tt-experten.de\/index.php\/wp-json\/wp\/v2\/pages\/824\/revisions\/825"}],"wp:attachment":[{"href":"https:\/\/www.tt-experten.de\/index.php\/wp-json\/wp\/v2\/media?parent=824"}],"curies":[{"name":"wp","href":"https:\/\/api.w.org\/{rel}","templated":true}]}}