{"id":821,"date":"2025-06-09T17:25:19","date_gmt":"2025-06-09T15:25:19","guid":{"rendered":"https:\/\/www.tt-experten.de\/?page_id=821"},"modified":"2025-11-11T20:28:17","modified_gmt":"2025-11-11T18:28:17","slug":"angebote-baelle","status":"publish","type":"page","link":"https:\/\/www.tt-experten.de\/index.php\/angebote-baelle\/","title":{"rendered":"Angebote &#8211; B\u00e4lle"},"content":{"rendered":"\n<div class=\"wp-block-group is-content-justification-right is-nowrap is-layout-flex wp-container-core-group-is-layout-17124a9a wp-block-group-is-layout-flex wp-container-1 is-position-sticky\">\n<div class=\"wp-block-buttons is-layout-flex wp-block-buttons-is-layout-flex\">\n<div class=\"wp-block-button\"><a class=\"wp-block-button__link wp-element-button\" href=\"https:\/\/www.tt-experten.de\/index.php\/bestellung\/\">Bestellung aufgeben<\/a><\/div>\n<\/div>\n<\/div>\n\n\n\n<div class=\"wp-block-query is-layout-flow wp-block-query-is-layout-flow\"><ul class=\"wp-block-post-template is-layout-flow wp-block-post-template-is-layout-flow\"><li class=\"wp-block-post post-1127 post type-post status-publish format-standard has-post-thumbnail hentry category-angebote category-baelle tag-angebote tag-schoelermicke tag-sport-schreiner-tt tag-tischtennis\">\n\n<div class=\"wp-block-columns are-vertically-aligned-center is-layout-flex wp-container-core-columns-is-layout-28f84493 wp-block-columns-is-layout-flex\">\n<div class=\"wp-block-column is-vertically-aligned-center is-layout-flow wp-block-column-is-layout-flow\" style=\"flex-basis:25%\"><figure class=\"wp-block-post-featured-image\"><a href=\"https:\/\/www.tt-experten.de\/index.php\/2025\/11\/11\/andro-ball-speedball-3s-40-weiss-72-stueck-angebotspreis-6990-euro\/\" target=\"_self\"  ><img loading=\"lazy\" decoding=\"async\" width=\"301\" height=\"252\" src=\"https:\/\/www.tt-experten.de\/wp-content\/uploads\/2025\/11\/Bildschirmfoto_11-11-2025_172340_www.schoeler-micke.de_.jpeg\" class=\"attachment-post-thumbnail size-post-thumbnail wp-post-image\" alt=\"andro Ball Speedball 3S*** 40+ wei\u00df 72 St\u00fcck Angebotspreis 69,90 Euro\" style=\"object-fit:cover;\" \/><\/a><\/figure><\/div>\n\n\n\n<div class=\"wp-block-column is-vertically-aligned-center is-layout-flow wp-block-column-is-layout-flow\" style=\"flex-basis:75%\"><h2 class=\"wp-block-post-title\"><a href=\"https:\/\/www.tt-experten.de\/index.php\/2025\/11\/11\/andro-ball-speedball-3s-40-weiss-72-stueck-angebotspreis-6990-euro\/\" target=\"_self\" >andro Ball Speedball 3S*** 40+ wei\u00df 72 St\u00fcck Angebotspreis 69,90 Euro<\/a><\/h2><\/div>\n<\/div>\n\n<\/li><li class=\"wp-block-post post-1124 post type-post status-publish format-standard has-post-thumbnail hentry category-angebote category-baelle tag-andro-2 tag-angebote tag-sport-schreiner-tt tag-tischtennis\">\n\n<div class=\"wp-block-columns are-vertically-aligned-center is-layout-flex wp-container-core-columns-is-layout-28f84493 wp-block-columns-is-layout-flex\">\n<div class=\"wp-block-column is-vertically-aligned-center is-layout-flow wp-block-column-is-layout-flow\" style=\"flex-basis:25%\"><figure class=\"wp-block-post-featured-image\"><a href=\"https:\/\/www.tt-experten.de\/index.php\/2025\/11\/11\/dhs-ball-dual-40-angebotspreis-9990-euro\/\" target=\"_self\"  ><img loading=\"lazy\" decoding=\"async\" width=\"393\" height=\"227\" src=\"https:\/\/www.tt-experten.de\/wp-content\/uploads\/2025\/11\/Bildschirmfoto_11-11-2025_172015_www.schoeler-micke.de_.jpeg\" class=\"attachment-post-thumbnail size-post-thumbnail wp-post-image\" alt=\"DHS Ball*** Dual 40+ Angebotspreis 99,90 Euro\" style=\"object-fit:cover;\" srcset=\"https:\/\/www.tt-experten.de\/wp-content\/uploads\/2025\/11\/Bildschirmfoto_11-11-2025_172015_www.schoeler-micke.de_.jpeg 393w, https:\/\/www.tt-experten.de\/wp-content\/uploads\/2025\/11\/Bildschirmfoto_11-11-2025_172015_www.schoeler-micke.de_-300x173.jpeg 300w\" sizes=\"auto, (max-width: 393px) 100vw, 393px\" \/><\/a><\/figure><\/div>\n\n\n\n<div class=\"wp-block-column is-vertically-aligned-center is-layout-flow wp-block-column-is-layout-flow\" style=\"flex-basis:75%\"><h2 class=\"wp-block-post-title\"><a href=\"https:\/\/www.tt-experten.de\/index.php\/2025\/11\/11\/dhs-ball-dual-40-angebotspreis-9990-euro\/\" target=\"_self\" >DHS Ball*** Dual 40+ Angebotspreis 99,90 Euro<\/a><\/h2><\/div>\n<\/div>\n\n<\/li><li class=\"wp-block-post post-1121 post type-post status-publish format-standard has-post-thumbnail hentry category-angebote category-baelle tag-angebote tag-schoelermicke tag-sport-schreiner-tt tag-tischtennis\">\n\n<div class=\"wp-block-columns are-vertically-aligned-center is-layout-flex wp-container-core-columns-is-layout-28f84493 wp-block-columns-is-layout-flex\">\n<div class=\"wp-block-column is-vertically-aligned-center is-layout-flow wp-block-column-is-layout-flow\" style=\"flex-basis:25%\"><figure class=\"wp-block-post-featured-image\"><a href=\"https:\/\/www.tt-experten.de\/index.php\/2025\/11\/11\/nittaku-ball-premium-40-weiss-angebotspreis-23840-euro-statt-298\/\" target=\"_self\"  ><img loading=\"lazy\" decoding=\"async\" width=\"221\" height=\"220\" src=\"https:\/\/www.tt-experten.de\/wp-content\/uploads\/2025\/11\/Bildschirmfoto_11-11-2025_1702_www.schoeler-micke.de_.jpeg\" class=\"attachment-post-thumbnail size-post-thumbnail wp-post-image\" alt=\"Nittaku Ball*** Premium 40+ wei\u00df Angebotspreis 238,40 Euro statt 298,-\" style=\"object-fit:cover;\" srcset=\"https:\/\/www.tt-experten.de\/wp-content\/uploads\/2025\/11\/Bildschirmfoto_11-11-2025_1702_www.schoeler-micke.de_.jpeg 221w, https:\/\/www.tt-experten.de\/wp-content\/uploads\/2025\/11\/Bildschirmfoto_11-11-2025_1702_www.schoeler-micke.de_-150x150.jpeg 150w\" sizes=\"auto, (max-width: 221px) 100vw, 221px\" \/><\/a><\/figure><\/div>\n\n\n\n<div class=\"wp-block-column is-vertically-aligned-center is-layout-flow wp-block-column-is-layout-flow\" style=\"flex-basis:75%\"><h2 class=\"wp-block-post-title\"><a href=\"https:\/\/www.tt-experten.de\/index.php\/2025\/11\/11\/nittaku-ball-premium-40-weiss-angebotspreis-23840-euro-statt-298\/\" target=\"_self\" >Nittaku Ball*** Premium 40+ wei\u00df Angebotspreis 238,40 Euro statt 298,-<\/a><\/h2><\/div>\n<\/div>\n\n<\/li><li class=\"wp-block-post post-1008 post type-post status-publish format-standard has-post-thumbnail hentry category-angebote category-baelle\">\n\n<div class=\"wp-block-columns are-vertically-aligned-center is-layout-flex wp-container-core-columns-is-layout-28f84493 wp-block-columns-is-layout-flex\">\n<div class=\"wp-block-column is-vertically-aligned-center is-layout-flow wp-block-column-is-layout-flow\" style=\"flex-basis:25%\"><figure class=\"wp-block-post-featured-image\"><a href=\"https:\/\/www.tt-experten.de\/index.php\/2025\/10\/10\/andro-poly-2s-trainingsbaelle-10x-72er-kiste-angebotspreis-330-statt-47950-euro\/\" target=\"_self\"  ><img loading=\"lazy\" decoding=\"async\" width=\"400\" height=\"400\" src=\"https:\/\/www.tt-experten.de\/wp-content\/uploads\/2025\/10\/Kombiangebot-10er-72er-Poly2S-weiss_400x400.jpg\" class=\"attachment-post-thumbnail size-post-thumbnail wp-post-image\" alt=\"Andro Poly 2S Trainingsb\u00e4lle 10x 72er Kiste Angebotspreis 330,- statt 479,50 Euro\" style=\"object-fit:cover;\" srcset=\"https:\/\/www.tt-experten.de\/wp-content\/uploads\/2025\/10\/Kombiangebot-10er-72er-Poly2S-weiss_400x400.jpg 400w, https:\/\/www.tt-experten.de\/wp-content\/uploads\/2025\/10\/Kombiangebot-10er-72er-Poly2S-weiss_400x400-300x300.jpg 300w, https:\/\/www.tt-experten.de\/wp-content\/uploads\/2025\/10\/Kombiangebot-10er-72er-Poly2S-weiss_400x400-150x150.jpg 150w\" sizes=\"auto, (max-width: 400px) 100vw, 400px\" \/><\/a><\/figure><\/div>\n\n\n\n<div class=\"wp-block-column is-vertically-aligned-center is-layout-flow wp-block-column-is-layout-flow\" style=\"flex-basis:75%\"><h2 class=\"wp-block-post-title\"><a href=\"https:\/\/www.tt-experten.de\/index.php\/2025\/10\/10\/andro-poly-2s-trainingsbaelle-10x-72er-kiste-angebotspreis-330-statt-47950-euro\/\" target=\"_self\" >Andro Poly 2S Trainingsb\u00e4lle 10x 72er Kiste Angebotspreis 330,- statt 479,50 Euro<\/a><\/h2><\/div>\n<\/div>\n\n<\/li><li class=\"wp-block-post post-1004 post type-post status-publish format-standard has-post-thumbnail hentry category-baelle category-uncategorized tag-tischtennis\">\n\n<div class=\"wp-block-columns are-vertically-aligned-center is-layout-flex wp-container-core-columns-is-layout-28f84493 wp-block-columns-is-layout-flex\">\n<div class=\"wp-block-column is-vertically-aligned-center is-layout-flow wp-block-column-is-layout-flow\" style=\"flex-basis:25%\"><figure class=\"wp-block-post-featured-image\"><a href=\"https:\/\/www.tt-experten.de\/index.php\/2025\/10\/10\/andro-poly-2s-trainingsbaelle-4x-72er-kiste-angebotspreis-140-euro\/\" target=\"_self\"  ><img loading=\"lazy\" decoding=\"async\" width=\"400\" height=\"400\" src=\"https:\/\/www.tt-experten.de\/wp-content\/uploads\/2025\/10\/Kombiangebot-4er-72er-Poly2S-weiss_400x400-1.jpg\" class=\"attachment-post-thumbnail size-post-thumbnail wp-post-image\" alt=\"Andro Poly 2S Trainingsb\u00e4lle 4x 72er Kiste Angebotspreis 140,- Euro statt 191,80 Euro\" style=\"object-fit:cover;\" srcset=\"https:\/\/www.tt-experten.de\/wp-content\/uploads\/2025\/10\/Kombiangebot-4er-72er-Poly2S-weiss_400x400-1.jpg 400w, https:\/\/www.tt-experten.de\/wp-content\/uploads\/2025\/10\/Kombiangebot-4er-72er-Poly2S-weiss_400x400-1-300x300.jpg 300w, https:\/\/www.tt-experten.de\/wp-content\/uploads\/2025\/10\/Kombiangebot-4er-72er-Poly2S-weiss_400x400-1-150x150.jpg 150w\" sizes=\"auto, (max-width: 400px) 100vw, 400px\" \/><\/a><\/figure><\/div>\n\n\n\n<div class=\"wp-block-column is-vertically-aligned-center is-layout-flow wp-block-column-is-layout-flow\" style=\"flex-basis:75%\"><h2 class=\"wp-block-post-title\"><a href=\"https:\/\/www.tt-experten.de\/index.php\/2025\/10\/10\/andro-poly-2s-trainingsbaelle-4x-72er-kiste-angebotspreis-140-euro\/\" target=\"_self\" >Andro Poly 2S Trainingsb\u00e4lle 4x 72er Kiste Angebotspreis 140,- Euro statt 191,80 Euro<\/a><\/h2><\/div>\n<\/div>\n\n<\/li><li class=\"wp-block-post post-987 post type-post status-publish format-standard has-post-thumbnail hentry category-angebote category-baelle tag-andro-2 tag-tischtennis-angebote\">\n\n<div class=\"wp-block-columns are-vertically-aligned-center is-layout-flex wp-container-core-columns-is-layout-28f84493 wp-block-columns-is-layout-flex\">\n<div class=\"wp-block-column is-vertically-aligned-center is-layout-flow wp-block-column-is-layout-flow\" style=\"flex-basis:25%\"><figure class=\"wp-block-post-featured-image\"><a href=\"https:\/\/www.tt-experten.de\/index.php\/2025\/10\/02\/andro-speedball-3s-weiss-4er-kombipaket-angebotspreis-235-euro-statt-33980-euro\/\" target=\"_self\"  ><img loading=\"lazy\" decoding=\"async\" width=\"400\" height=\"400\" src=\"https:\/\/www.tt-experten.de\/wp-content\/uploads\/2025\/10\/Kombiangebot-2er-72er-Speedball-2000x2000_400x400.jpg\" class=\"attachment-post-thumbnail size-post-thumbnail wp-post-image\" alt=\"andro Speedball 3S*** wei\u00df 4er-Kombipaket Angebotspreis 235,- Euro statt 339,80 Euro\" style=\"object-fit:cover;\" srcset=\"https:\/\/www.tt-experten.de\/wp-content\/uploads\/2025\/10\/Kombiangebot-2er-72er-Speedball-2000x2000_400x400.jpg 400w, https:\/\/www.tt-experten.de\/wp-content\/uploads\/2025\/10\/Kombiangebot-2er-72er-Speedball-2000x2000_400x400-300x300.jpg 300w, https:\/\/www.tt-experten.de\/wp-content\/uploads\/2025\/10\/Kombiangebot-2er-72er-Speedball-2000x2000_400x400-150x150.jpg 150w\" sizes=\"auto, (max-width: 400px) 100vw, 400px\" \/><\/a><\/figure><\/div>\n\n\n\n<div class=\"wp-block-column is-vertically-aligned-center is-layout-flow wp-block-column-is-layout-flow\" style=\"flex-basis:75%\"><h2 class=\"wp-block-post-title\"><a href=\"https:\/\/www.tt-experten.de\/index.php\/2025\/10\/02\/andro-speedball-3s-weiss-4er-kombipaket-angebotspreis-235-euro-statt-33980-euro\/\" target=\"_self\" >andro Speedball 3S*** wei\u00df 4er-Kombipaket Angebotspreis 235,- Euro statt 339,80 Euro<\/a><\/h2><\/div>\n<\/div>\n\n<\/li><li class=\"wp-block-post post-363 post type-post status-publish format-standard has-post-thumbnail hentry category-angebote category-baelle tag-andro-2 tag-angebote tag-schoelermicke tag-tischtennis\">\n\n<div class=\"wp-block-columns are-vertically-aligned-center is-layout-flex wp-container-core-columns-is-layout-28f84493 wp-block-columns-is-layout-flex\">\n<div class=\"wp-block-column is-vertically-aligned-center is-layout-flow wp-block-column-is-layout-flow\" style=\"flex-basis:25%\"><figure class=\"wp-block-post-featured-image\"><a href=\"https:\/\/www.tt-experten.de\/index.php\/2024\/09\/20\/andro-speedball-3s-weiss-2er-pack\/\" target=\"_self\"  ><img loading=\"lazy\" decoding=\"async\" width=\"400\" height=\"400\" src=\"https:\/\/www.tt-experten.de\/wp-content\/uploads\/2024\/09\/Kombiangebot-2er-72er-Speedball-2000x2000_400x400.jpg\" class=\"attachment-post-thumbnail size-post-thumbnail wp-post-image\" alt=\"Andro Speedball 3S*** Weiss &#8222;2er Pack 129,90 Euro\" style=\"object-fit:cover;\" srcset=\"https:\/\/www.tt-experten.de\/wp-content\/uploads\/2024\/09\/Kombiangebot-2er-72er-Speedball-2000x2000_400x400.jpg 400w, https:\/\/www.tt-experten.de\/wp-content\/uploads\/2024\/09\/Kombiangebot-2er-72er-Speedball-2000x2000_400x400-300x300.jpg 300w, https:\/\/www.tt-experten.de\/wp-content\/uploads\/2024\/09\/Kombiangebot-2er-72er-Speedball-2000x2000_400x400-150x150.jpg 150w\" sizes=\"auto, (max-width: 400px) 100vw, 400px\" \/><\/a><\/figure><\/div>\n\n\n\n<div class=\"wp-block-column is-vertically-aligned-center is-layout-flow wp-block-column-is-layout-flow\" style=\"flex-basis:75%\"><h2 class=\"wp-block-post-title\"><a href=\"https:\/\/www.tt-experten.de\/index.php\/2024\/09\/20\/andro-speedball-3s-weiss-2er-pack\/\" target=\"_self\" >Andro Speedball 3S*** Weiss &#8222;2er Pack 129,90 Euro<\/a><\/h2><\/div>\n<\/div>\n\n<\/li><li class=\"wp-block-post post-110 post type-post status-publish format-standard has-post-thumbnail hentry category-angebote category-baelle tag-angebote tag-schoelermicke tag-tischtennis\">\n\n<div class=\"wp-block-columns are-vertically-aligned-center is-layout-flex wp-container-core-columns-is-layout-28f84493 wp-block-columns-is-layout-flex\">\n<div class=\"wp-block-column is-vertically-aligned-center is-layout-flow wp-block-column-is-layout-flow\" style=\"flex-basis:25%\"><figure class=\"wp-block-post-featured-image\"><a href=\"https:\/\/www.tt-experten.de\/index.php\/2024\/06\/11\/andro-poly-2s-trainingsball\/\" target=\"_self\"  ><img loading=\"lazy\" decoding=\"async\" width=\"600\" height=\"381\" src=\"https:\/\/www.tt-experten.de\/wp-content\/uploads\/2024\/06\/poly2s.jpg\" class=\"attachment-post-thumbnail size-post-thumbnail wp-post-image\" alt=\"andro POLY 2S **-Trainingsball 4x 72er Kiste\" style=\"object-fit:cover;\" srcset=\"https:\/\/www.tt-experten.de\/wp-content\/uploads\/2024\/06\/poly2s.jpg 600w, https:\/\/www.tt-experten.de\/wp-content\/uploads\/2024\/06\/poly2s-300x191.jpg 300w\" sizes=\"auto, (max-width: 600px) 100vw, 600px\" \/><\/a><\/figure><\/div>\n\n\n\n<div class=\"wp-block-column is-vertically-aligned-center is-layout-flow wp-block-column-is-layout-flow\" style=\"flex-basis:75%\"><h2 class=\"wp-block-post-title\"><a href=\"https:\/\/www.tt-experten.de\/index.php\/2024\/06\/11\/andro-poly-2s-trainingsball\/\" target=\"_self\" >andro POLY 2S **-Trainingsball 4x 72er Kiste<\/a><\/h2><\/div>\n<\/div>\n\n<\/li><\/ul><\/div>\n","protected":false},"excerpt":{"rendered":"","protected":false},"author":1,"featured_media":0,"parent":0,"menu_order":0,"comment_status":"closed","ping_status":"closed","template":"","meta":{"footnotes":""},"class_list":["post-821","page","type-page","status-publish","hentry"],"yoast_head":"<!-- This site is optimized with the Yoast SEO plugin v27.3 - https:\/\/yoast.com\/product\/yoast-seo-wordpress\/ -->\n<title>Angebote - B\u00e4lle - TT-Experten Ro\u00dfkopf &amp; Wei\u00dfbach<\/title>\n<meta name=\"description\" content=\"Finde tolle Angebote bei Tischtennis Ro\u00dfkopf Wei\u00dfbach B\u00e4lle Tischtennisb\u00e4lle Ball Tischtennisball Trainingsball DHL Donic Nittaku\" \/>\n<meta name=\"robots\" content=\"index, follow, max-snippet:-1, max-image-preview:large, max-video-preview:-1\" \/>\n<link rel=\"canonical\" href=\"https:\/\/www.tt-experten.de\/index.php\/angebote-baelle\/\" \/>\n<meta property=\"og:locale\" content=\"de_DE\" \/>\n<meta property=\"og:type\" content=\"article\" \/>\n<meta property=\"og:title\" content=\"Angebote - B\u00e4lle - TT-Experten Ro\u00dfkopf &amp; Wei\u00dfbach\" \/>\n<meta property=\"og:description\" content=\"Finde tolle Angebote bei Tischtennis Ro\u00dfkopf Wei\u00dfbach B\u00e4lle Tischtennisb\u00e4lle Ball Tischtennisball Trainingsball DHL Donic Nittaku\" \/>\n<meta property=\"og:url\" content=\"https:\/\/www.tt-experten.de\/index.php\/angebote-baelle\/\" \/>\n<meta property=\"og:site_name\" content=\"TT-Experten Ro\u00dfkopf &amp; Wei\u00dfbach\" \/>\n<meta property=\"article:publisher\" content=\"https:\/\/www.facebook.com\/ttexpertenkoeln\" \/>\n<meta property=\"article:modified_time\" content=\"2025-11-11T18:28:17+00:00\" \/>\n<meta name=\"twitter:card\" content=\"summary_large_image\" \/>\n<meta name=\"twitter:label1\" content=\"Gesch\u00e4tzte Lesezeit\" \/>\n\t<meta name=\"twitter:data1\" content=\"1\u00a0Minute\" \/>\n<script type=\"application\/ld+json\" class=\"yoast-schema-graph\">{\"@context\":\"https:\\\/\\\/schema.org\",\"@graph\":[{\"@type\":\"WebPage\",\"@id\":\"https:\\\/\\\/www.tt-experten.de\\\/index.php\\\/angebote-baelle\\\/\",\"url\":\"https:\\\/\\\/www.tt-experten.de\\\/index.php\\\/angebote-baelle\\\/\",\"name\":\"Angebote - B\u00e4lle - TT-Experten Ro\u00dfkopf &amp; Wei\u00dfbach\",\"isPartOf\":{\"@id\":\"https:\\\/\\\/www.tt-experten.de\\\/#website\"},\"datePublished\":\"2025-06-09T15:25:19+00:00\",\"dateModified\":\"2025-11-11T18:28:17+00:00\",\"description\":\"Finde tolle Angebote bei Tischtennis Ro\u00dfkopf Wei\u00dfbach B\u00e4lle Tischtennisb\u00e4lle Ball Tischtennisball Trainingsball DHL Donic Nittaku\",\"breadcrumb\":{\"@id\":\"https:\\\/\\\/www.tt-experten.de\\\/index.php\\\/angebote-baelle\\\/#breadcrumb\"},\"inLanguage\":\"de\",\"potentialAction\":[{\"@type\":\"ReadAction\",\"target\":[\"https:\\\/\\\/www.tt-experten.de\\\/index.php\\\/angebote-baelle\\\/\"]}]},{\"@type\":\"BreadcrumbList\",\"@id\":\"https:\\\/\\\/www.tt-experten.de\\\/index.php\\\/angebote-baelle\\\/#breadcrumb\",\"itemListElement\":[{\"@type\":\"ListItem\",\"position\":1,\"name\":\"Home\",\"item\":\"https:\\\/\\\/www.tt-experten.de\\\/\"},{\"@type\":\"ListItem\",\"position\":2,\"name\":\"Angebote &#8211; B\u00e4lle\"}]},{\"@type\":\"WebSite\",\"@id\":\"https:\\\/\\\/www.tt-experten.de\\\/#website\",\"url\":\"https:\\\/\\\/www.tt-experten.de\\\/\",\"name\":\"TT-Experten Ro\u00dfkopf & Wei\u00dfbach\",\"description\":\"Tischtennis f\u00fcr Alle\",\"publisher\":{\"@id\":\"https:\\\/\\\/www.tt-experten.de\\\/#organization\"},\"alternateName\":\"TT-Experten\",\"potentialAction\":[{\"@type\":\"SearchAction\",\"target\":{\"@type\":\"EntryPoint\",\"urlTemplate\":\"https:\\\/\\\/www.tt-experten.de\\\/?s={search_term_string}\"},\"query-input\":{\"@type\":\"PropertyValueSpecification\",\"valueRequired\":true,\"valueName\":\"search_term_string\"}}],\"inLanguage\":\"de\"},{\"@type\":\"Organization\",\"@id\":\"https:\\\/\\\/www.tt-experten.de\\\/#organization\",\"name\":\"TT-Experten Ro\u00dfkopf & Wei\u00dfbach\",\"url\":\"https:\\\/\\\/www.tt-experten.de\\\/\",\"logo\":{\"@type\":\"ImageObject\",\"inLanguage\":\"de\",\"@id\":\"https:\\\/\\\/www.tt-experten.de\\\/#\\\/schema\\\/logo\\\/image\\\/\",\"url\":\"https:\\\/\\\/www.tt-experten.de\\\/wp-content\\\/uploads\\\/2024\\\/03\\\/cropped-schoeler_micke_partner_blue.png\",\"contentUrl\":\"https:\\\/\\\/www.tt-experten.de\\\/wp-content\\\/uploads\\\/2024\\\/03\\\/cropped-schoeler_micke_partner_blue.png\",\"width\":160,\"height\":110,\"caption\":\"TT-Experten Ro\u00dfkopf & Wei\u00dfbach\"},\"image\":{\"@id\":\"https:\\\/\\\/www.tt-experten.de\\\/#\\\/schema\\\/logo\\\/image\\\/\"},\"sameAs\":[\"https:\\\/\\\/www.facebook.com\\\/ttexpertenkoeln\",\"https:\\\/\\\/www.instagram.com\\\/tt.experten.rosskopf.weissbach\\\/\"]}]}<\/script>\n<!-- \/ Yoast SEO plugin. -->","yoast_head_json":{"title":"Angebote - B\u00e4lle - TT-Experten Ro\u00dfkopf &amp; Wei\u00dfbach","description":"Finde tolle Angebote bei Tischtennis Ro\u00dfkopf Wei\u00dfbach B\u00e4lle Tischtennisb\u00e4lle Ball Tischtennisball Trainingsball DHL Donic Nittaku","robots":{"index":"index","follow":"follow","max-snippet":"max-snippet:-1","max-image-preview":"max-image-preview:large","max-video-preview":"max-video-preview:-1"},"canonical":"https:\/\/www.tt-experten.de\/index.php\/angebote-baelle\/","og_locale":"de_DE","og_type":"article","og_title":"Angebote - B\u00e4lle - TT-Experten Ro\u00dfkopf &amp; Wei\u00dfbach","og_description":"Finde tolle Angebote bei Tischtennis Ro\u00dfkopf Wei\u00dfbach B\u00e4lle Tischtennisb\u00e4lle Ball Tischtennisball Trainingsball DHL Donic Nittaku","og_url":"https:\/\/www.tt-experten.de\/index.php\/angebote-baelle\/","og_site_name":"TT-Experten Ro\u00dfkopf &amp; Wei\u00dfbach","article_publisher":"https:\/\/www.facebook.com\/ttexpertenkoeln","article_modified_time":"2025-11-11T18:28:17+00:00","twitter_card":"summary_large_image","twitter_misc":{"Gesch\u00e4tzte Lesezeit":"1\u00a0Minute"},"schema":{"@context":"https:\/\/schema.org","@graph":[{"@type":"WebPage","@id":"https:\/\/www.tt-experten.de\/index.php\/angebote-baelle\/","url":"https:\/\/www.tt-experten.de\/index.php\/angebote-baelle\/","name":"Angebote - B\u00e4lle - TT-Experten Ro\u00dfkopf &amp; Wei\u00dfbach","isPartOf":{"@id":"https:\/\/www.tt-experten.de\/#website"},"datePublished":"2025-06-09T15:25:19+00:00","dateModified":"2025-11-11T18:28:17+00:00","description":"Finde tolle Angebote bei Tischtennis Ro\u00dfkopf Wei\u00dfbach B\u00e4lle Tischtennisb\u00e4lle Ball Tischtennisball Trainingsball DHL Donic Nittaku","breadcrumb":{"@id":"https:\/\/www.tt-experten.de\/index.php\/angebote-baelle\/#breadcrumb"},"inLanguage":"de","potentialAction":[{"@type":"ReadAction","target":["https:\/\/www.tt-experten.de\/index.php\/angebote-baelle\/"]}]},{"@type":"BreadcrumbList","@id":"https:\/\/www.tt-experten.de\/index.php\/angebote-baelle\/#breadcrumb","itemListElement":[{"@type":"ListItem","position":1,"name":"Home","item":"https:\/\/www.tt-experten.de\/"},{"@type":"ListItem","position":2,"name":"Angebote &#8211; B\u00e4lle"}]},{"@type":"WebSite","@id":"https:\/\/www.tt-experten.de\/#website","url":"https:\/\/www.tt-experten.de\/","name":"TT-Experten Ro\u00dfkopf & Wei\u00dfbach","description":"Tischtennis f\u00fcr Alle","publisher":{"@id":"https:\/\/www.tt-experten.de\/#organization"},"alternateName":"TT-Experten","potentialAction":[{"@type":"SearchAction","target":{"@type":"EntryPoint","urlTemplate":"https:\/\/www.tt-experten.de\/?s={search_term_string}"},"query-input":{"@type":"PropertyValueSpecification","valueRequired":true,"valueName":"search_term_string"}}],"inLanguage":"de"},{"@type":"Organization","@id":"https:\/\/www.tt-experten.de\/#organization","name":"TT-Experten Ro\u00dfkopf & Wei\u00dfbach","url":"https:\/\/www.tt-experten.de\/","logo":{"@type":"ImageObject","inLanguage":"de","@id":"https:\/\/www.tt-experten.de\/#\/schema\/logo\/image\/","url":"https:\/\/www.tt-experten.de\/wp-content\/uploads\/2024\/03\/cropped-schoeler_micke_partner_blue.png","contentUrl":"https:\/\/www.tt-experten.de\/wp-content\/uploads\/2024\/03\/cropped-schoeler_micke_partner_blue.png","width":160,"height":110,"caption":"TT-Experten Ro\u00dfkopf & Wei\u00dfbach"},"image":{"@id":"https:\/\/www.tt-experten.de\/#\/schema\/logo\/image\/"},"sameAs":["https:\/\/www.facebook.com\/ttexpertenkoeln","https:\/\/www.instagram.com\/tt.experten.rosskopf.weissbach\/"]}]}},"_links":{"self":[{"href":"https:\/\/www.tt-experten.de\/index.php\/wp-json\/wp\/v2\/pages\/821","targetHints":{"allow":["GET"]}}],"collection":[{"href":"https:\/\/www.tt-experten.de\/index.php\/wp-json\/wp\/v2\/pages"}],"about":[{"href":"https:\/\/www.tt-experten.de\/index.php\/wp-json\/wp\/v2\/types\/page"}],"author":[{"embeddable":true,"href":"https:\/\/www.tt-experten.de\/index.php\/wp-json\/wp\/v2\/users\/1"}],"replies":[{"embeddable":true,"href":"https:\/\/www.tt-experten.de\/index.php\/wp-json\/wp\/v2\/comments?post=821"}],"version-history":[{"count":3,"href":"https:\/\/www.tt-experten.de\/index.php\/wp-json\/wp\/v2\/pages\/821\/revisions"}],"predecessor-version":[{"id":1142,"href":"https:\/\/www.tt-experten.de\/index.php\/wp-json\/wp\/v2\/pages\/821\/revisions\/1142"}],"wp:attachment":[{"href":"https:\/\/www.tt-experten.de\/index.php\/wp-json\/wp\/v2\/media?parent=821"}],"curies":[{"name":"wp","href":"https:\/\/api.w.org\/{rel}","templated":true}]}}