{"id":818,"date":"2025-06-09T17:22:47","date_gmt":"2025-06-09T15:22:47","guid":{"rendered":"https:\/\/www.tt-experten.de\/?page_id=818"},"modified":"2025-06-09T17:22:48","modified_gmt":"2025-06-09T15:22:48","slug":"angebote-schuhe","status":"publish","type":"page","link":"https:\/\/www.tt-experten.de\/index.php\/angebote-schuhe\/","title":{"rendered":"Angebote &#8211; Schuhe"},"content":{"rendered":"\n<div class=\"wp-block-group is-content-justification-right is-nowrap is-layout-flex wp-container-core-group-is-layout-17124a9a wp-block-group-is-layout-flex wp-container-1 is-position-sticky\">\n<div class=\"wp-block-buttons is-layout-flex wp-block-buttons-is-layout-flex\">\n<div class=\"wp-block-button\"><a class=\"wp-block-button__link wp-element-button\" href=\"https:\/\/www.tt-experten.de\/index.php\/bestellung\/\">Bestellung aufgeben<\/a><\/div>\n<\/div>\n<\/div>\n\n\n\n<div class=\"wp-block-query is-layout-flow wp-block-query-is-layout-flow\"><ul class=\"wp-block-post-template is-layout-flow wp-block-post-template-is-layout-flow\"><li class=\"wp-block-post post-1146 post type-post status-publish format-standard has-post-thumbnail hentry category-angebote category-schuhe tag-angebote tag-sport-schreiner-tt tag-tischtennis\">\n\n<div class=\"wp-block-columns alignwide is-layout-flex wp-container-core-columns-is-layout-28f84493 wp-block-columns-is-layout-flex\">\n<div class=\"wp-block-column is-layout-flow wp-block-column-is-layout-flow\" style=\"flex-basis:66.66%\"><figure class=\"wp-block-post-featured-image\"><a href=\"https:\/\/www.tt-experten.de\/index.php\/2025\/11\/12\/donic-wettkampfschuh-spaceflex-navy-red-angebotspreis-4990-euro-statt-7490\/\" target=\"_self\"  ><img loading=\"lazy\" decoding=\"async\" width=\"1280\" height=\"1280\" src=\"https:\/\/www.tt-experten.de\/wp-content\/uploads\/2025\/11\/donic-shoe_spaceflex-blue-web_1280x1280.jpg\" class=\"attachment-post-thumbnail size-post-thumbnail wp-post-image\" alt=\"DONIC Wettkampfschuh Spaceflex navy red Angebotspreis 39,90 Euro statt 74,90\" style=\"object-fit:cover;\" srcset=\"https:\/\/www.tt-experten.de\/wp-content\/uploads\/2025\/11\/donic-shoe_spaceflex-blue-web_1280x1280.jpg 1280w, https:\/\/www.tt-experten.de\/wp-content\/uploads\/2025\/11\/donic-shoe_spaceflex-blue-web_1280x1280-300x300.jpg 300w, https:\/\/www.tt-experten.de\/wp-content\/uploads\/2025\/11\/donic-shoe_spaceflex-blue-web_1280x1280-1024x1024.jpg 1024w, https:\/\/www.tt-experten.de\/wp-content\/uploads\/2025\/11\/donic-shoe_spaceflex-blue-web_1280x1280-150x150.jpg 150w, https:\/\/www.tt-experten.de\/wp-content\/uploads\/2025\/11\/donic-shoe_spaceflex-blue-web_1280x1280-768x768.jpg 768w\" sizes=\"auto, (max-width: 1280px) 100vw, 1280px\" \/><\/a><\/figure><\/div>\n\n\n\n<div class=\"wp-block-column is-layout-flow wp-block-column-is-layout-flow\" style=\"flex-basis:33.33%\"><h2 class=\"wp-block-post-title\"><a href=\"https:\/\/www.tt-experten.de\/index.php\/2025\/11\/12\/donic-wettkampfschuh-spaceflex-navy-red-angebotspreis-4990-euro-statt-7490\/\" target=\"_self\" >DONIC Wettkampfschuh Spaceflex navy red Angebotspreis 39,90 Euro statt 74,90<\/a><\/h2>\n\n<div class=\"wp-block-post-excerpt\"><p class=\"wp-block-post-excerpt__excerpt\">DONIC SPACEFLEX ist ein Wettkampfschuh, der allerh\u00f6chste Anspr\u00fcche an Funktionalit\u00e4t und Tragekomfort erf\u00fcllt. Mit seiner flexiblen Naturkautschuk-Sohle f\u00fcr optimalen Grip und seiner hervorragenden Passform f\u00fcr stabilen Halt unterst\u00fctzt er auch bei schnellsten Sidesteps. Die technologisch ausgefeilte TPR-Innensohle bietet eine ausgezeichnete D\u00e4mpfung und maximalen Komfort in allen Spielsituationen. Atmungsaktives Nylon-Mesh und elastisches Soft-Synthetik-TPU-Obermaterial garantieren ein angenehmes&hellip; <\/p><\/div><\/div>\n<\/div>\n\n<\/li><li class=\"wp-block-post post-1143 post type-post status-publish format-standard has-post-thumbnail hentry category-angebote category-schuhe tag-angebote tag-schoelermicke tag-sport-schreiner-tt tag-tischtennis\">\n\n<div class=\"wp-block-columns alignwide is-layout-flex wp-container-core-columns-is-layout-28f84493 wp-block-columns-is-layout-flex\">\n<div class=\"wp-block-column is-layout-flow wp-block-column-is-layout-flow\" style=\"flex-basis:66.66%\"><figure class=\"wp-block-post-featured-image\"><a href=\"https:\/\/www.tt-experten.de\/index.php\/2025\/11\/12\/mizuno-schuh-wave-medal-neo-weiss-mint-blau-angebotspreis-119-euro-statt-140-euro\/\" target=\"_self\"  ><img loading=\"lazy\" decoding=\"async\" width=\"375\" height=\"235\" src=\"https:\/\/www.tt-experten.de\/wp-content\/uploads\/2025\/11\/Bildschirmfoto_12-11-2025_94926_www.schoeler-micke.de_.jpeg\" class=\"attachment-post-thumbnail size-post-thumbnail wp-post-image\" alt=\"Mizuno Schuh Wave Medal Neo wei\u00df\/mint\/blau Angebotspreis 119,- Euro statt 140,- Euro\" style=\"object-fit:cover;\" srcset=\"https:\/\/www.tt-experten.de\/wp-content\/uploads\/2025\/11\/Bildschirmfoto_12-11-2025_94926_www.schoeler-micke.de_.jpeg 375w, https:\/\/www.tt-experten.de\/wp-content\/uploads\/2025\/11\/Bildschirmfoto_12-11-2025_94926_www.schoeler-micke.de_-300x188.jpeg 300w\" sizes=\"auto, (max-width: 375px) 100vw, 375px\" \/><\/a><\/figure><\/div>\n\n\n\n<div class=\"wp-block-column is-layout-flow wp-block-column-is-layout-flow\" style=\"flex-basis:33.33%\"><h2 class=\"wp-block-post-title\"><a href=\"https:\/\/www.tt-experten.de\/index.php\/2025\/11\/12\/mizuno-schuh-wave-medal-neo-weiss-mint-blau-angebotspreis-119-euro-statt-140-euro\/\" target=\"_self\" >Mizuno Schuh Wave Medal Neo wei\u00df\/mint\/blau Angebotspreis 119,- Euro statt 140,- Euro<\/a><\/h2>\n\n<div class=\"wp-block-post-excerpt\"><p class=\"wp-block-post-excerpt__excerpt\"> <\/p><\/div><\/div>\n<\/div>\n\n<\/li><li class=\"wp-block-post post-1134 post type-post status-publish format-standard has-post-thumbnail hentry category-angebote category-schuhe tag-angebote tag-schoelermicke tag-sport-schreiner-tt tag-tischtennis\">\n\n<div class=\"wp-block-columns alignwide is-layout-flex wp-container-core-columns-is-layout-28f84493 wp-block-columns-is-layout-flex\">\n<div class=\"wp-block-column is-layout-flow wp-block-column-is-layout-flow\" style=\"flex-basis:66.66%\"><figure class=\"wp-block-post-featured-image\"><a href=\"https:\/\/www.tt-experten.de\/index.php\/2025\/11\/11\/mizuno-wave-drive-9-angebotspreis-102-euro-statt-120-euro\/\" target=\"_self\"  ><img loading=\"lazy\" decoding=\"async\" width=\"1920\" height=\"1920\" src=\"https:\/\/www.tt-experten.de\/wp-content\/uploads\/2025\/11\/mizuno-wave-drive-9-side1_1920x1920.jpg\" class=\"attachment-post-thumbnail size-post-thumbnail wp-post-image\" alt=\"Mizuno Wave Drive 9 Angebotspreis 102,- Euro statt 120,- Euro\" style=\"object-fit:cover;\" srcset=\"https:\/\/www.tt-experten.de\/wp-content\/uploads\/2025\/11\/mizuno-wave-drive-9-side1_1920x1920.jpg 1920w, https:\/\/www.tt-experten.de\/wp-content\/uploads\/2025\/11\/mizuno-wave-drive-9-side1_1920x1920-300x300.jpg 300w, https:\/\/www.tt-experten.de\/wp-content\/uploads\/2025\/11\/mizuno-wave-drive-9-side1_1920x1920-1024x1024.jpg 1024w, https:\/\/www.tt-experten.de\/wp-content\/uploads\/2025\/11\/mizuno-wave-drive-9-side1_1920x1920-150x150.jpg 150w, https:\/\/www.tt-experten.de\/wp-content\/uploads\/2025\/11\/mizuno-wave-drive-9-side1_1920x1920-768x768.jpg 768w, https:\/\/www.tt-experten.de\/wp-content\/uploads\/2025\/11\/mizuno-wave-drive-9-side1_1920x1920-1536x1536.jpg 1536w\" sizes=\"auto, (max-width: 1920px) 100vw, 1920px\" \/><\/a><\/figure><\/div>\n\n\n\n<div class=\"wp-block-column is-layout-flow wp-block-column-is-layout-flow\" style=\"flex-basis:33.33%\"><h2 class=\"wp-block-post-title\"><a href=\"https:\/\/www.tt-experten.de\/index.php\/2025\/11\/11\/mizuno-wave-drive-9-angebotspreis-102-euro-statt-120-euro\/\" target=\"_self\" >Mizuno Wave Drive 9 Angebotspreis 102,- Euro statt 120,- Euro<\/a><\/h2>\n\n<div class=\"wp-block-post-excerpt\"><p class=\"wp-block-post-excerpt__excerpt\">Das leichte und flexible Obermaterial mit Microfiber-Kunstleder bietet eine angenehme Passform und moderate Unterst\u00fctzung.\u2022 Die Mizuno Wave Technologie sorgt f\u00fcr Komfort und Stabilit\u00e4t\u2022 AP + und SR Touch in der Mittelsohle bieten noch mehr D\u00e4mpfung und Feedback\u2022 Sitzt perfekt am Fu\u00df <\/p><\/div><\/div>\n<\/div>\n\n<\/li><li class=\"wp-block-post post-903 post type-post status-publish format-standard has-post-thumbnail hentry category-angebote category-schuhe\">\n\n<div class=\"wp-block-columns alignwide is-layout-flex wp-container-core-columns-is-layout-28f84493 wp-block-columns-is-layout-flex\">\n<div class=\"wp-block-column is-layout-flow wp-block-column-is-layout-flow\" style=\"flex-basis:66.66%\"><figure class=\"wp-block-post-featured-image\"><a href=\"https:\/\/www.tt-experten.de\/index.php\/2025\/07\/12\/andro-schuh-cross-step-pro-schwarz-gold-angebotspreis-8990-euro-statt-9995-euro-2\/\" target=\"_self\"  ><img loading=\"lazy\" decoding=\"async\" width=\"800\" height=\"800\" src=\"https:\/\/www.tt-experten.de\/wp-content\/uploads\/2025\/07\/Cross-step-weiss.jpg\" class=\"attachment-post-thumbnail size-post-thumbnail wp-post-image\" alt=\"andro Schuh Cross Step Pro weiss Angebotspreis 79,90 Euro statt 99,95 Euro\" style=\"object-fit:cover;\" srcset=\"https:\/\/www.tt-experten.de\/wp-content\/uploads\/2025\/07\/Cross-step-weiss.jpg 800w, https:\/\/www.tt-experten.de\/wp-content\/uploads\/2025\/07\/Cross-step-weiss-300x300.jpg 300w, https:\/\/www.tt-experten.de\/wp-content\/uploads\/2025\/07\/Cross-step-weiss-150x150.jpg 150w, https:\/\/www.tt-experten.de\/wp-content\/uploads\/2025\/07\/Cross-step-weiss-768x768.jpg 768w\" sizes=\"auto, (max-width: 800px) 100vw, 800px\" \/><\/a><\/figure><\/div>\n\n\n\n<div class=\"wp-block-column is-layout-flow wp-block-column-is-layout-flow\" style=\"flex-basis:33.33%\"><h2 class=\"wp-block-post-title\"><a href=\"https:\/\/www.tt-experten.de\/index.php\/2025\/07\/12\/andro-schuh-cross-step-pro-schwarz-gold-angebotspreis-8990-euro-statt-9995-euro-2\/\" target=\"_self\" >andro Schuh Cross Step Pro weiss Angebotspreis 79,90 Euro statt 99,95 Euro<\/a><\/h2>\n\n<div class=\"wp-block-post-excerpt\"><p class=\"wp-block-post-excerpt__excerpt\"> <\/p><\/div><\/div>\n<\/div>\n\n<\/li><li class=\"wp-block-post post-900 post type-post status-publish format-standard has-post-thumbnail hentry category-angebote category-schuhe tag-angebote tag-frontpage tag-schoelermicke tag-tischtennis\">\n\n<div class=\"wp-block-columns alignwide is-layout-flex wp-container-core-columns-is-layout-28f84493 wp-block-columns-is-layout-flex\">\n<div class=\"wp-block-column is-layout-flow wp-block-column-is-layout-flow\" style=\"flex-basis:66.66%\"><figure class=\"wp-block-post-featured-image\"><a href=\"https:\/\/www.tt-experten.de\/index.php\/2025\/07\/12\/andro-schuh-cross-step-pro-schwarz-gold-angebotspreis-8990-euro-statt-9995-euro\/\" target=\"_self\"  ><img loading=\"lazy\" decoding=\"async\" width=\"800\" height=\"800\" src=\"https:\/\/www.tt-experten.de\/wp-content\/uploads\/2025\/07\/Cross-step-Pro.jpg\" class=\"attachment-post-thumbnail size-post-thumbnail wp-post-image\" alt=\"andro Schuh Cross Step Pro schwarz\/gold Angebotspreis 79,90 Euro statt 99,95 Euro\" style=\"object-fit:cover;\" srcset=\"https:\/\/www.tt-experten.de\/wp-content\/uploads\/2025\/07\/Cross-step-Pro.jpg 800w, https:\/\/www.tt-experten.de\/wp-content\/uploads\/2025\/07\/Cross-step-Pro-300x300.jpg 300w, https:\/\/www.tt-experten.de\/wp-content\/uploads\/2025\/07\/Cross-step-Pro-150x150.jpg 150w, https:\/\/www.tt-experten.de\/wp-content\/uploads\/2025\/07\/Cross-step-Pro-768x768.jpg 768w\" sizes=\"auto, (max-width: 800px) 100vw, 800px\" \/><\/a><\/figure><\/div>\n\n\n\n<div class=\"wp-block-column is-layout-flow wp-block-column-is-layout-flow\" style=\"flex-basis:33.33%\"><h2 class=\"wp-block-post-title\"><a href=\"https:\/\/www.tt-experten.de\/index.php\/2025\/07\/12\/andro-schuh-cross-step-pro-schwarz-gold-angebotspreis-8990-euro-statt-9995-euro\/\" target=\"_self\" >andro Schuh Cross Step Pro schwarz\/gold Angebotspreis 79,90 Euro statt 99,95 Euro<\/a><\/h2>\n\n<div class=\"wp-block-post-excerpt\"><p class=\"wp-block-post-excerpt__excerpt\"> <\/p><\/div><\/div>\n<\/div>\n\n<\/li><li class=\"wp-block-post post-584 post type-post status-publish format-standard has-post-thumbnail hentry category-angebote category-schuhe tag-andro-2 tag-angebote tag-schoelermicke tag-tischtennis\">\n\n<div class=\"wp-block-columns alignwide is-layout-flex wp-container-core-columns-is-layout-28f84493 wp-block-columns-is-layout-flex\">\n<div class=\"wp-block-column is-layout-flow wp-block-column-is-layout-flow\" style=\"flex-basis:66.66%\"><figure class=\"wp-block-post-featured-image\"><a href=\"https:\/\/www.tt-experten.de\/index.php\/2025\/01\/23\/andro-schuh-shuffle-step-2-weiss-blau-angebotspreis-6790-euro\/\" target=\"_self\"  ><img loading=\"lazy\" decoding=\"async\" width=\"400\" height=\"179\" src=\"https:\/\/www.tt-experten.de\/wp-content\/uploads\/2025\/01\/andro-Shuffle-Step-2-weiss-schwarz-blau-350-021-019-1-front-1_400x400.jpg\" class=\"attachment-post-thumbnail size-post-thumbnail wp-post-image\" alt=\"Andro Schuh Shuffle Step 2 weiss blau Angebotspreis 69,90 Euro\" style=\"object-fit:cover;\" srcset=\"https:\/\/www.tt-experten.de\/wp-content\/uploads\/2025\/01\/andro-Shuffle-Step-2-weiss-schwarz-blau-350-021-019-1-front-1_400x400.jpg 400w, https:\/\/www.tt-experten.de\/wp-content\/uploads\/2025\/01\/andro-Shuffle-Step-2-weiss-schwarz-blau-350-021-019-1-front-1_400x400-300x134.jpg 300w\" sizes=\"auto, (max-width: 400px) 100vw, 400px\" \/><\/a><\/figure><\/div>\n\n\n\n<div class=\"wp-block-column is-layout-flow wp-block-column-is-layout-flow\" style=\"flex-basis:33.33%\"><h2 class=\"wp-block-post-title\"><a href=\"https:\/\/www.tt-experten.de\/index.php\/2025\/01\/23\/andro-schuh-shuffle-step-2-weiss-blau-angebotspreis-6790-euro\/\" target=\"_self\" >Andro Schuh Shuffle Step 2 weiss blau Angebotspreis 69,90 Euro<\/a><\/h2>\n\n<div class=\"wp-block-post-excerpt\"><p class=\"wp-block-post-excerpt__excerpt\"> <\/p><\/div><\/div>\n<\/div>\n\n<\/li><\/ul><\/div>\n","protected":false},"excerpt":{"rendered":"","protected":false},"author":1,"featured_media":0,"parent":0,"menu_order":0,"comment_status":"closed","ping_status":"closed","template":"","meta":{"footnotes":""},"class_list":["post-818","page","type-page","status-publish","hentry"],"yoast_head":"<!-- This site is optimized with the Yoast SEO plugin v27.3 - https:\/\/yoast.com\/product\/yoast-seo-wordpress\/ -->\n<title>Angebote - Schuhe - TT-Experten Ro\u00dfkopf &amp; Wei\u00dfbach<\/title>\n<meta name=\"description\" content=\"Finde tolle Angebote bei Tischtennis Ro\u00dfkopf Wei\u00dfbach Schuhe Spportschuhe Tischtennisschuhe Hallenschuhe\" \/>\n<meta name=\"robots\" content=\"index, follow, max-snippet:-1, max-image-preview:large, max-video-preview:-1\" \/>\n<link rel=\"canonical\" href=\"https:\/\/www.tt-experten.de\/index.php\/angebote-schuhe\/\" \/>\n<meta property=\"og:locale\" content=\"de_DE\" \/>\n<meta property=\"og:type\" content=\"article\" \/>\n<meta property=\"og:title\" content=\"Angebote - Schuhe - TT-Experten Ro\u00dfkopf &amp; Wei\u00dfbach\" \/>\n<meta property=\"og:description\" content=\"Finde tolle Angebote bei Tischtennis Ro\u00dfkopf Wei\u00dfbach Schuhe Spportschuhe Tischtennisschuhe Hallenschuhe\" \/>\n<meta property=\"og:url\" content=\"https:\/\/www.tt-experten.de\/index.php\/angebote-schuhe\/\" \/>\n<meta property=\"og:site_name\" content=\"TT-Experten Ro\u00dfkopf &amp; Wei\u00dfbach\" \/>\n<meta property=\"article:publisher\" content=\"https:\/\/www.facebook.com\/ttexpertenkoeln\" \/>\n<meta property=\"article:modified_time\" content=\"2025-06-09T15:22:48+00:00\" \/>\n<meta name=\"twitter:card\" content=\"summary_large_image\" \/>\n<meta name=\"twitter:label1\" content=\"Gesch\u00e4tzte Lesezeit\" \/>\n\t<meta name=\"twitter:data1\" content=\"1\u00a0Minute\" \/>\n<script type=\"application\/ld+json\" class=\"yoast-schema-graph\">{\"@context\":\"https:\\\/\\\/schema.org\",\"@graph\":[{\"@type\":\"WebPage\",\"@id\":\"https:\\\/\\\/www.tt-experten.de\\\/index.php\\\/angebote-schuhe\\\/\",\"url\":\"https:\\\/\\\/www.tt-experten.de\\\/index.php\\\/angebote-schuhe\\\/\",\"name\":\"Angebote - Schuhe - TT-Experten Ro\u00dfkopf &amp; Wei\u00dfbach\",\"isPartOf\":{\"@id\":\"https:\\\/\\\/www.tt-experten.de\\\/#website\"},\"datePublished\":\"2025-06-09T15:22:47+00:00\",\"dateModified\":\"2025-06-09T15:22:48+00:00\",\"description\":\"Finde tolle Angebote bei Tischtennis Ro\u00dfkopf Wei\u00dfbach Schuhe Spportschuhe Tischtennisschuhe Hallenschuhe\",\"breadcrumb\":{\"@id\":\"https:\\\/\\\/www.tt-experten.de\\\/index.php\\\/angebote-schuhe\\\/#breadcrumb\"},\"inLanguage\":\"de\",\"potentialAction\":[{\"@type\":\"ReadAction\",\"target\":[\"https:\\\/\\\/www.tt-experten.de\\\/index.php\\\/angebote-schuhe\\\/\"]}]},{\"@type\":\"BreadcrumbList\",\"@id\":\"https:\\\/\\\/www.tt-experten.de\\\/index.php\\\/angebote-schuhe\\\/#breadcrumb\",\"itemListElement\":[{\"@type\":\"ListItem\",\"position\":1,\"name\":\"Home\",\"item\":\"https:\\\/\\\/www.tt-experten.de\\\/\"},{\"@type\":\"ListItem\",\"position\":2,\"name\":\"Angebote &#8211; Schuhe\"}]},{\"@type\":\"WebSite\",\"@id\":\"https:\\\/\\\/www.tt-experten.de\\\/#website\",\"url\":\"https:\\\/\\\/www.tt-experten.de\\\/\",\"name\":\"TT-Experten Ro\u00dfkopf & Wei\u00dfbach\",\"description\":\"Tischtennis f\u00fcr Alle\",\"publisher\":{\"@id\":\"https:\\\/\\\/www.tt-experten.de\\\/#organization\"},\"alternateName\":\"TT-Experten\",\"potentialAction\":[{\"@type\":\"SearchAction\",\"target\":{\"@type\":\"EntryPoint\",\"urlTemplate\":\"https:\\\/\\\/www.tt-experten.de\\\/?s={search_term_string}\"},\"query-input\":{\"@type\":\"PropertyValueSpecification\",\"valueRequired\":true,\"valueName\":\"search_term_string\"}}],\"inLanguage\":\"de\"},{\"@type\":\"Organization\",\"@id\":\"https:\\\/\\\/www.tt-experten.de\\\/#organization\",\"name\":\"TT-Experten Ro\u00dfkopf & Wei\u00dfbach\",\"url\":\"https:\\\/\\\/www.tt-experten.de\\\/\",\"logo\":{\"@type\":\"ImageObject\",\"inLanguage\":\"de\",\"@id\":\"https:\\\/\\\/www.tt-experten.de\\\/#\\\/schema\\\/logo\\\/image\\\/\",\"url\":\"https:\\\/\\\/www.tt-experten.de\\\/wp-content\\\/uploads\\\/2024\\\/03\\\/cropped-schoeler_micke_partner_blue.png\",\"contentUrl\":\"https:\\\/\\\/www.tt-experten.de\\\/wp-content\\\/uploads\\\/2024\\\/03\\\/cropped-schoeler_micke_partner_blue.png\",\"width\":160,\"height\":110,\"caption\":\"TT-Experten Ro\u00dfkopf & Wei\u00dfbach\"},\"image\":{\"@id\":\"https:\\\/\\\/www.tt-experten.de\\\/#\\\/schema\\\/logo\\\/image\\\/\"},\"sameAs\":[\"https:\\\/\\\/www.facebook.com\\\/ttexpertenkoeln\",\"https:\\\/\\\/www.instagram.com\\\/tt.experten.rosskopf.weissbach\\\/\"]}]}<\/script>\n<!-- \/ Yoast SEO plugin. -->","yoast_head_json":{"title":"Angebote - Schuhe - TT-Experten Ro\u00dfkopf &amp; Wei\u00dfbach","description":"Finde tolle Angebote bei Tischtennis Ro\u00dfkopf Wei\u00dfbach Schuhe Spportschuhe Tischtennisschuhe Hallenschuhe","robots":{"index":"index","follow":"follow","max-snippet":"max-snippet:-1","max-image-preview":"max-image-preview:large","max-video-preview":"max-video-preview:-1"},"canonical":"https:\/\/www.tt-experten.de\/index.php\/angebote-schuhe\/","og_locale":"de_DE","og_type":"article","og_title":"Angebote - Schuhe - TT-Experten Ro\u00dfkopf &amp; Wei\u00dfbach","og_description":"Finde tolle Angebote bei Tischtennis Ro\u00dfkopf Wei\u00dfbach Schuhe Spportschuhe Tischtennisschuhe Hallenschuhe","og_url":"https:\/\/www.tt-experten.de\/index.php\/angebote-schuhe\/","og_site_name":"TT-Experten Ro\u00dfkopf &amp; Wei\u00dfbach","article_publisher":"https:\/\/www.facebook.com\/ttexpertenkoeln","article_modified_time":"2025-06-09T15:22:48+00:00","twitter_card":"summary_large_image","twitter_misc":{"Gesch\u00e4tzte Lesezeit":"1\u00a0Minute"},"schema":{"@context":"https:\/\/schema.org","@graph":[{"@type":"WebPage","@id":"https:\/\/www.tt-experten.de\/index.php\/angebote-schuhe\/","url":"https:\/\/www.tt-experten.de\/index.php\/angebote-schuhe\/","name":"Angebote - Schuhe - TT-Experten Ro\u00dfkopf &amp; Wei\u00dfbach","isPartOf":{"@id":"https:\/\/www.tt-experten.de\/#website"},"datePublished":"2025-06-09T15:22:47+00:00","dateModified":"2025-06-09T15:22:48+00:00","description":"Finde tolle Angebote bei Tischtennis Ro\u00dfkopf Wei\u00dfbach Schuhe Spportschuhe Tischtennisschuhe Hallenschuhe","breadcrumb":{"@id":"https:\/\/www.tt-experten.de\/index.php\/angebote-schuhe\/#breadcrumb"},"inLanguage":"de","potentialAction":[{"@type":"ReadAction","target":["https:\/\/www.tt-experten.de\/index.php\/angebote-schuhe\/"]}]},{"@type":"BreadcrumbList","@id":"https:\/\/www.tt-experten.de\/index.php\/angebote-schuhe\/#breadcrumb","itemListElement":[{"@type":"ListItem","position":1,"name":"Home","item":"https:\/\/www.tt-experten.de\/"},{"@type":"ListItem","position":2,"name":"Angebote &#8211; Schuhe"}]},{"@type":"WebSite","@id":"https:\/\/www.tt-experten.de\/#website","url":"https:\/\/www.tt-experten.de\/","name":"TT-Experten Ro\u00dfkopf & Wei\u00dfbach","description":"Tischtennis f\u00fcr Alle","publisher":{"@id":"https:\/\/www.tt-experten.de\/#organization"},"alternateName":"TT-Experten","potentialAction":[{"@type":"SearchAction","target":{"@type":"EntryPoint","urlTemplate":"https:\/\/www.tt-experten.de\/?s={search_term_string}"},"query-input":{"@type":"PropertyValueSpecification","valueRequired":true,"valueName":"search_term_string"}}],"inLanguage":"de"},{"@type":"Organization","@id":"https:\/\/www.tt-experten.de\/#organization","name":"TT-Experten Ro\u00dfkopf & Wei\u00dfbach","url":"https:\/\/www.tt-experten.de\/","logo":{"@type":"ImageObject","inLanguage":"de","@id":"https:\/\/www.tt-experten.de\/#\/schema\/logo\/image\/","url":"https:\/\/www.tt-experten.de\/wp-content\/uploads\/2024\/03\/cropped-schoeler_micke_partner_blue.png","contentUrl":"https:\/\/www.tt-experten.de\/wp-content\/uploads\/2024\/03\/cropped-schoeler_micke_partner_blue.png","width":160,"height":110,"caption":"TT-Experten Ro\u00dfkopf & Wei\u00dfbach"},"image":{"@id":"https:\/\/www.tt-experten.de\/#\/schema\/logo\/image\/"},"sameAs":["https:\/\/www.facebook.com\/ttexpertenkoeln","https:\/\/www.instagram.com\/tt.experten.rosskopf.weissbach\/"]}]}},"_links":{"self":[{"href":"https:\/\/www.tt-experten.de\/index.php\/wp-json\/wp\/v2\/pages\/818","targetHints":{"allow":["GET"]}}],"collection":[{"href":"https:\/\/www.tt-experten.de\/index.php\/wp-json\/wp\/v2\/pages"}],"about":[{"href":"https:\/\/www.tt-experten.de\/index.php\/wp-json\/wp\/v2\/types\/page"}],"author":[{"embeddable":true,"href":"https:\/\/www.tt-experten.de\/index.php\/wp-json\/wp\/v2\/users\/1"}],"replies":[{"embeddable":true,"href":"https:\/\/www.tt-experten.de\/index.php\/wp-json\/wp\/v2\/comments?post=818"}],"version-history":[{"count":1,"href":"https:\/\/www.tt-experten.de\/index.php\/wp-json\/wp\/v2\/pages\/818\/revisions"}],"predecessor-version":[{"id":819,"href":"https:\/\/www.tt-experten.de\/index.php\/wp-json\/wp\/v2\/pages\/818\/revisions\/819"}],"wp:attachment":[{"href":"https:\/\/www.tt-experten.de\/index.php\/wp-json\/wp\/v2\/media?parent=818"}],"curies":[{"name":"wp","href":"https:\/\/api.w.org\/{rel}","templated":true}]}}