{"id":774,"date":"2025-06-09T17:19:55","date_gmt":"2025-06-09T15:19:55","guid":{"rendered":"https:\/\/www.tt-experten.de\/?page_id=774"},"modified":"2025-06-09T17:19:56","modified_gmt":"2025-06-09T15:19:56","slug":"angebote-schlaeger","status":"publish","type":"page","link":"https:\/\/www.tt-experten.de\/index.php\/angebote-schlaeger\/","title":{"rendered":"Angebote &#8211; Schl\u00e4ger"},"content":{"rendered":"\n<div class=\"wp-block-group is-content-justification-right is-nowrap is-layout-flex wp-container-core-group-is-layout-17124a9a wp-block-group-is-layout-flex wp-container-1 is-position-sticky\">\n<div class=\"wp-block-buttons is-layout-flex wp-block-buttons-is-layout-flex\">\n<div class=\"wp-block-button\"><a class=\"wp-block-button__link wp-element-button\" href=\"https:\/\/www.tt-experten.de\/index.php\/bestellung\/\">Bestellung aufgeben<\/a><\/div>\n<\/div>\n<\/div>\n\n\n\n<div class=\"wp-block-query is-layout-flow wp-block-query-is-layout-flow\"><ul class=\"wp-block-post-template is-layout-flow wp-block-post-template-is-layout-flow\"><li class=\"wp-block-post post-1211 post type-post status-publish format-standard has-post-thumbnail hentry category-angebote category-schlaeger tag-angebote tag-rw tag-schoelermicke tag-tischtennis\">\n\n<div class=\"wp-block-columns alignwide is-layout-flex wp-container-core-columns-is-layout-28f84493 wp-block-columns-is-layout-flex\">\n<div class=\"wp-block-column is-layout-flow wp-block-column-is-layout-flow\" style=\"flex-basis:66.66%\"><figure class=\"wp-block-post-featured-image\"><a href=\"https:\/\/www.tt-experten.de\/index.php\/2026\/01\/08\/andro-timber-5-all-mit-andro-gtt-40-belaege-angebotspreis-8490-euro\/\" target=\"_self\"  ><img loading=\"lazy\" decoding=\"async\" width=\"1920\" height=\"2560\" src=\"https:\/\/www.tt-experten.de\/wp-content\/uploads\/2026\/01\/Timber-5-ALL-mit-GTT-40-scaled.jpg\" class=\"attachment-post-thumbnail size-post-thumbnail wp-post-image\" alt=\"Andro Timber 5 ALL mit Andro GTT 40 Bel\u00e4ge Angebotspreis 84,90 Euro\" style=\"object-fit:cover;\" srcset=\"https:\/\/www.tt-experten.de\/wp-content\/uploads\/2026\/01\/Timber-5-ALL-mit-GTT-40-scaled.jpg 1920w, https:\/\/www.tt-experten.de\/wp-content\/uploads\/2026\/01\/Timber-5-ALL-mit-GTT-40-225x300.jpg 225w, https:\/\/www.tt-experten.de\/wp-content\/uploads\/2026\/01\/Timber-5-ALL-mit-GTT-40-768x1024.jpg 768w, https:\/\/www.tt-experten.de\/wp-content\/uploads\/2026\/01\/Timber-5-ALL-mit-GTT-40-1152x1536.jpg 1152w, https:\/\/www.tt-experten.de\/wp-content\/uploads\/2026\/01\/Timber-5-ALL-mit-GTT-40-1536x2048.jpg 1536w\" sizes=\"auto, (max-width: 1920px) 100vw, 1920px\" \/><\/a><\/figure><\/div>\n\n\n\n<div class=\"wp-block-column is-layout-flow wp-block-column-is-layout-flow\" style=\"flex-basis:33.33%\"><h2 class=\"wp-block-post-title\"><a href=\"https:\/\/www.tt-experten.de\/index.php\/2026\/01\/08\/andro-timber-5-all-mit-andro-gtt-40-belaege-angebotspreis-8490-euro\/\" target=\"_self\" >Andro Timber 5 ALL mit Andro GTT 40 Bel\u00e4ge Angebotspreis 84,90 Euro<\/a><\/h2>\n\n<div class=\"wp-block-post-excerpt\"><p class=\"wp-block-post-excerpt__excerpt\"> <\/p><\/div><\/div>\n<\/div>\n\n<\/li><li class=\"wp-block-post post-1114 post type-post status-publish format-standard has-post-thumbnail hentry category-angebote category-schlaeger tag-andro-2 tag-angebote tag-schoelermicke tag-tischtennis\">\n\n<div class=\"wp-block-columns alignwide is-layout-flex wp-container-core-columns-is-layout-28f84493 wp-block-columns-is-layout-flex\">\n<div class=\"wp-block-column is-layout-flow wp-block-column-is-layout-flow\" style=\"flex-basis:66.66%\"><figure class=\"wp-block-post-featured-image\"><a href=\"https:\/\/www.tt-experten.de\/index.php\/2025\/11\/11\/andro-schlaeger-buzzer-comp-400-r-angebotspreis-35-euro\/\" target=\"_self\"  ><img loading=\"lazy\" decoding=\"async\" width=\"418\" height=\"304\" src=\"https:\/\/www.tt-experten.de\/wp-content\/uploads\/2025\/11\/Bildschirmfoto_11-11-2025_155715_www.schoeler-micke.de_.jpeg\" class=\"attachment-post-thumbnail size-post-thumbnail wp-post-image\" alt=\"andro Schl\u00e4ger Buzzer Comp 400 R Angebotspreis 35,- Euro\" style=\"object-fit:cover;\" srcset=\"https:\/\/www.tt-experten.de\/wp-content\/uploads\/2025\/11\/Bildschirmfoto_11-11-2025_155715_www.schoeler-micke.de_.jpeg 418w, https:\/\/www.tt-experten.de\/wp-content\/uploads\/2025\/11\/Bildschirmfoto_11-11-2025_155715_www.schoeler-micke.de_-300x218.jpeg 300w\" sizes=\"auto, (max-width: 418px) 100vw, 418px\" \/><\/a><\/figure><\/div>\n\n\n\n<div class=\"wp-block-column is-layout-flow wp-block-column-is-layout-flow\" style=\"flex-basis:33.33%\"><h2 class=\"wp-block-post-title\"><a href=\"https:\/\/www.tt-experten.de\/index.php\/2025\/11\/11\/andro-schlaeger-buzzer-comp-400-r-angebotspreis-35-euro\/\" target=\"_self\" >andro Schl\u00e4ger Buzzer Comp 400 R Angebotspreis 35,- Euro<\/a><\/h2>\n\n<div class=\"wp-block-post-excerpt\"><p class=\"wp-block-post-excerpt__excerpt\">Die neuen andro Buzzer-Serie ist die erste konsequente Systemschl\u00e4ger-Generation von andro. F\u00fcr diese Schl\u00e4ger wurde erstmals ein komplettes System von Buzzer-H\u00f6lzern und Buzzer-Belag als Einheit entwickelt und perfekt aufeinander abgestimmt.In der Summe ergibt sich somit ein hocheffizientes Produkt. Oder anders ausgedr\u00fcckt: Technik zum unschlagbaren Preis- Leistungsverh\u00e4ltnis. <\/p><\/div><\/div>\n<\/div>\n\n<\/li><li class=\"wp-block-post post-513 post type-post status-publish format-standard has-post-thumbnail hentry category-angebote category-schlaeger\">\n\n<div class=\"wp-block-columns alignwide is-layout-flex wp-container-core-columns-is-layout-28f84493 wp-block-columns-is-layout-flex\">\n<div class=\"wp-block-column is-layout-flow wp-block-column-is-layout-flow\" style=\"flex-basis:66.66%\"><figure class=\"wp-block-post-featured-image\"><a href=\"https:\/\/www.tt-experten.de\/index.php\/2024\/11\/21\/donic-schildkroet-alltec-hobby-outdoor-schlaeger-angebotspreis-1490-euro\/\" target=\"_self\"  ><img loading=\"lazy\" decoding=\"async\" width=\"2560\" height=\"2377\" src=\"https:\/\/www.tt-experten.de\/wp-content\/uploads\/2024\/11\/Alltec-Schlaeger-scaled.jpg\" class=\"attachment-post-thumbnail size-post-thumbnail wp-post-image\" alt=\"Donic Schildkr\u00f6t Alltec Hobby Outdoor Schl\u00e4ger Angebotspreis 14,90 Euro\" style=\"object-fit:cover;\" srcset=\"https:\/\/www.tt-experten.de\/wp-content\/uploads\/2024\/11\/Alltec-Schlaeger-scaled.jpg 2560w, https:\/\/www.tt-experten.de\/wp-content\/uploads\/2024\/11\/Alltec-Schlaeger-300x279.jpg 300w, https:\/\/www.tt-experten.de\/wp-content\/uploads\/2024\/11\/Alltec-Schlaeger-1024x951.jpg 1024w, https:\/\/www.tt-experten.de\/wp-content\/uploads\/2024\/11\/Alltec-Schlaeger-768x713.jpg 768w, https:\/\/www.tt-experten.de\/wp-content\/uploads\/2024\/11\/Alltec-Schlaeger-1536x1426.jpg 1536w, https:\/\/www.tt-experten.de\/wp-content\/uploads\/2024\/11\/Alltec-Schlaeger-2048x1901.jpg 2048w\" sizes=\"auto, (max-width: 2560px) 100vw, 2560px\" \/><\/a><\/figure><\/div>\n\n\n\n<div class=\"wp-block-column is-layout-flow wp-block-column-is-layout-flow\" style=\"flex-basis:33.33%\"><h2 class=\"wp-block-post-title\"><a href=\"https:\/\/www.tt-experten.de\/index.php\/2024\/11\/21\/donic-schildkroet-alltec-hobby-outdoor-schlaeger-angebotspreis-1490-euro\/\" target=\"_self\" >Donic Schildkr\u00f6t Alltec Hobby Outdoor Schl\u00e4ger Angebotspreis 14,90 Euro<\/a><\/h2>\n\n<div class=\"wp-block-post-excerpt\"><p class=\"wp-block-post-excerpt__excerpt\">Mit dem Alltec Hobby Tischtennisschl\u00e4ger pr\u00e4sentiert Donic-Schildkr\u00f6t einen neuen innovativen Outdoor-Schl\u00e4ger aus einem 2-Komponenten-Kunststoff. Ein harter verwindungssteifer Kern aus dunkelgrauem Kunststoff plus ein zweiter aufgespritzter weicher, griffiger (gummiartiger) Kunststoff f\u00fcr Griffigkeit, sicheren Schl\u00e4gerhalt, Spin, Gleichzeitig ist er wasserfest (kann also auch mal bei Regen im Garten vergessen werden), er ist abwaschbar und somit hygienischer (ideal&hellip; <\/p><\/div><\/div>\n<\/div>\n\n<\/li><li class=\"wp-block-post post-253 post type-post status-publish format-standard has-post-thumbnail hentry category-angebote category-schlaeger tag-frontpage\">\n\n<div class=\"wp-block-columns alignwide is-layout-flex wp-container-core-columns-is-layout-28f84493 wp-block-columns-is-layout-flex\">\n<div class=\"wp-block-column is-layout-flow wp-block-column-is-layout-flow\" style=\"flex-basis:66.66%\"><figure class=\"wp-block-post-featured-image\"><a href=\"https:\/\/www.tt-experten.de\/index.php\/2024\/06\/26\/donic-allround-tischtennis-schlager-fur-4990-eur\/\" target=\"_self\"  ><img loading=\"lazy\" decoding=\"async\" width=\"1080\" height=\"1018\" src=\"https:\/\/www.tt-experten.de\/wp-content\/uploads\/2024\/06\/Appelgren-Exclusive-AR-Holz-mit-Donic-Liga-Belage.jpg\" class=\"attachment-post-thumbnail size-post-thumbnail wp-post-image\" alt=\"Donic Allround Tischtennis Schl\u00e4ger f\u00fcr 49,90 EUR\" style=\"object-fit:cover;\" srcset=\"https:\/\/www.tt-experten.de\/wp-content\/uploads\/2024\/06\/Appelgren-Exclusive-AR-Holz-mit-Donic-Liga-Belage.jpg 1080w, https:\/\/www.tt-experten.de\/wp-content\/uploads\/2024\/06\/Appelgren-Exclusive-AR-Holz-mit-Donic-Liga-Belage-300x283.jpg 300w, https:\/\/www.tt-experten.de\/wp-content\/uploads\/2024\/06\/Appelgren-Exclusive-AR-Holz-mit-Donic-Liga-Belage-1024x965.jpg 1024w, https:\/\/www.tt-experten.de\/wp-content\/uploads\/2024\/06\/Appelgren-Exclusive-AR-Holz-mit-Donic-Liga-Belage-768x724.jpg 768w\" sizes=\"auto, (max-width: 1080px) 100vw, 1080px\" \/><\/a><\/figure><\/div>\n\n\n\n<div class=\"wp-block-column is-layout-flow wp-block-column-is-layout-flow\" style=\"flex-basis:33.33%\"><h2 class=\"wp-block-post-title\"><a href=\"https:\/\/www.tt-experten.de\/index.php\/2024\/06\/26\/donic-allround-tischtennis-schlager-fur-4990-eur\/\" target=\"_self\" >Donic Allround Tischtennis Schl\u00e4ger f\u00fcr 49,90 EUR<\/a><\/h2>\n\n<div class=\"wp-block-post-excerpt\"><p class=\"wp-block-post-excerpt__excerpt\">Appelgren Exclusive AR Holz mit Donic Liga Bel\u00e4ge! Ideal zum Einstieg in den in den Vereinssport jetzt nur 49,90 Euro, solange der Vorrat reicht! <\/p><\/div><\/div>\n<\/div>\n\n<\/li><\/ul><\/div>\n","protected":false},"excerpt":{"rendered":"","protected":false},"author":1,"featured_media":0,"parent":0,"menu_order":0,"comment_status":"closed","ping_status":"closed","template":"","meta":{"footnotes":""},"class_list":["post-774","page","type-page","status-publish","hentry"],"yoast_head":"<!-- This site is optimized with the Yoast SEO plugin v27.3 - https:\/\/yoast.com\/product\/yoast-seo-wordpress\/ -->\n<title>Angebote - Schl\u00e4ger - TT-Experten Ro\u00dfkopf &amp; Wei\u00dfbach<\/title>\n<meta name=\"description\" content=\"Finde tolle Angebote bei Tischtennis Ro\u00dfkopf Wei\u00dfbach Schl\u00e4ger TT-Schl\u00e4ger Komplettschl\u00e4ger\" \/>\n<meta name=\"robots\" content=\"index, follow, max-snippet:-1, max-image-preview:large, max-video-preview:-1\" \/>\n<link rel=\"canonical\" href=\"https:\/\/www.tt-experten.de\/index.php\/angebote-schlaeger\/\" \/>\n<meta property=\"og:locale\" content=\"de_DE\" \/>\n<meta property=\"og:type\" content=\"article\" \/>\n<meta property=\"og:title\" content=\"Angebote - Schl\u00e4ger - TT-Experten Ro\u00dfkopf &amp; Wei\u00dfbach\" \/>\n<meta property=\"og:description\" content=\"Finde tolle Angebote bei Tischtennis Ro\u00dfkopf Wei\u00dfbach Schl\u00e4ger TT-Schl\u00e4ger Komplettschl\u00e4ger\" \/>\n<meta property=\"og:url\" content=\"https:\/\/www.tt-experten.de\/index.php\/angebote-schlaeger\/\" \/>\n<meta property=\"og:site_name\" content=\"TT-Experten Ro\u00dfkopf &amp; Wei\u00dfbach\" \/>\n<meta property=\"article:publisher\" content=\"https:\/\/www.facebook.com\/ttexpertenkoeln\" \/>\n<meta property=\"article:modified_time\" content=\"2025-06-09T15:19:56+00:00\" \/>\n<meta name=\"twitter:card\" content=\"summary_large_image\" \/>\n<meta name=\"twitter:label1\" content=\"Gesch\u00e4tzte Lesezeit\" \/>\n\t<meta name=\"twitter:data1\" content=\"1\u00a0Minute\" \/>\n<script type=\"application\/ld+json\" class=\"yoast-schema-graph\">{\"@context\":\"https:\\\/\\\/schema.org\",\"@graph\":[{\"@type\":\"WebPage\",\"@id\":\"https:\\\/\\\/www.tt-experten.de\\\/index.php\\\/angebote-schlaeger\\\/\",\"url\":\"https:\\\/\\\/www.tt-experten.de\\\/index.php\\\/angebote-schlaeger\\\/\",\"name\":\"Angebote - Schl\u00e4ger - TT-Experten Ro\u00dfkopf &amp; Wei\u00dfbach\",\"isPartOf\":{\"@id\":\"https:\\\/\\\/www.tt-experten.de\\\/#website\"},\"datePublished\":\"2025-06-09T15:19:55+00:00\",\"dateModified\":\"2025-06-09T15:19:56+00:00\",\"description\":\"Finde tolle Angebote bei Tischtennis Ro\u00dfkopf Wei\u00dfbach Schl\u00e4ger TT-Schl\u00e4ger Komplettschl\u00e4ger\",\"breadcrumb\":{\"@id\":\"https:\\\/\\\/www.tt-experten.de\\\/index.php\\\/angebote-schlaeger\\\/#breadcrumb\"},\"inLanguage\":\"de\",\"potentialAction\":[{\"@type\":\"ReadAction\",\"target\":[\"https:\\\/\\\/www.tt-experten.de\\\/index.php\\\/angebote-schlaeger\\\/\"]}]},{\"@type\":\"BreadcrumbList\",\"@id\":\"https:\\\/\\\/www.tt-experten.de\\\/index.php\\\/angebote-schlaeger\\\/#breadcrumb\",\"itemListElement\":[{\"@type\":\"ListItem\",\"position\":1,\"name\":\"Home\",\"item\":\"https:\\\/\\\/www.tt-experten.de\\\/\"},{\"@type\":\"ListItem\",\"position\":2,\"name\":\"Angebote &#8211; Schl\u00e4ger\"}]},{\"@type\":\"WebSite\",\"@id\":\"https:\\\/\\\/www.tt-experten.de\\\/#website\",\"url\":\"https:\\\/\\\/www.tt-experten.de\\\/\",\"name\":\"TT-Experten Ro\u00dfkopf & Wei\u00dfbach\",\"description\":\"Tischtennis f\u00fcr Alle\",\"publisher\":{\"@id\":\"https:\\\/\\\/www.tt-experten.de\\\/#organization\"},\"alternateName\":\"TT-Experten\",\"potentialAction\":[{\"@type\":\"SearchAction\",\"target\":{\"@type\":\"EntryPoint\",\"urlTemplate\":\"https:\\\/\\\/www.tt-experten.de\\\/?s={search_term_string}\"},\"query-input\":{\"@type\":\"PropertyValueSpecification\",\"valueRequired\":true,\"valueName\":\"search_term_string\"}}],\"inLanguage\":\"de\"},{\"@type\":\"Organization\",\"@id\":\"https:\\\/\\\/www.tt-experten.de\\\/#organization\",\"name\":\"TT-Experten Ro\u00dfkopf & Wei\u00dfbach\",\"url\":\"https:\\\/\\\/www.tt-experten.de\\\/\",\"logo\":{\"@type\":\"ImageObject\",\"inLanguage\":\"de\",\"@id\":\"https:\\\/\\\/www.tt-experten.de\\\/#\\\/schema\\\/logo\\\/image\\\/\",\"url\":\"https:\\\/\\\/www.tt-experten.de\\\/wp-content\\\/uploads\\\/2024\\\/03\\\/cropped-schoeler_micke_partner_blue.png\",\"contentUrl\":\"https:\\\/\\\/www.tt-experten.de\\\/wp-content\\\/uploads\\\/2024\\\/03\\\/cropped-schoeler_micke_partner_blue.png\",\"width\":160,\"height\":110,\"caption\":\"TT-Experten Ro\u00dfkopf & Wei\u00dfbach\"},\"image\":{\"@id\":\"https:\\\/\\\/www.tt-experten.de\\\/#\\\/schema\\\/logo\\\/image\\\/\"},\"sameAs\":[\"https:\\\/\\\/www.facebook.com\\\/ttexpertenkoeln\",\"https:\\\/\\\/www.instagram.com\\\/tt.experten.rosskopf.weissbach\\\/\"]}]}<\/script>\n<!-- \/ Yoast SEO plugin. -->","yoast_head_json":{"title":"Angebote - Schl\u00e4ger - TT-Experten Ro\u00dfkopf &amp; Wei\u00dfbach","description":"Finde tolle Angebote bei Tischtennis Ro\u00dfkopf Wei\u00dfbach Schl\u00e4ger TT-Schl\u00e4ger Komplettschl\u00e4ger","robots":{"index":"index","follow":"follow","max-snippet":"max-snippet:-1","max-image-preview":"max-image-preview:large","max-video-preview":"max-video-preview:-1"},"canonical":"https:\/\/www.tt-experten.de\/index.php\/angebote-schlaeger\/","og_locale":"de_DE","og_type":"article","og_title":"Angebote - Schl\u00e4ger - TT-Experten Ro\u00dfkopf &amp; Wei\u00dfbach","og_description":"Finde tolle Angebote bei Tischtennis Ro\u00dfkopf Wei\u00dfbach Schl\u00e4ger TT-Schl\u00e4ger Komplettschl\u00e4ger","og_url":"https:\/\/www.tt-experten.de\/index.php\/angebote-schlaeger\/","og_site_name":"TT-Experten Ro\u00dfkopf &amp; Wei\u00dfbach","article_publisher":"https:\/\/www.facebook.com\/ttexpertenkoeln","article_modified_time":"2025-06-09T15:19:56+00:00","twitter_card":"summary_large_image","twitter_misc":{"Gesch\u00e4tzte Lesezeit":"1\u00a0Minute"},"schema":{"@context":"https:\/\/schema.org","@graph":[{"@type":"WebPage","@id":"https:\/\/www.tt-experten.de\/index.php\/angebote-schlaeger\/","url":"https:\/\/www.tt-experten.de\/index.php\/angebote-schlaeger\/","name":"Angebote - Schl\u00e4ger - TT-Experten Ro\u00dfkopf &amp; Wei\u00dfbach","isPartOf":{"@id":"https:\/\/www.tt-experten.de\/#website"},"datePublished":"2025-06-09T15:19:55+00:00","dateModified":"2025-06-09T15:19:56+00:00","description":"Finde tolle Angebote bei Tischtennis Ro\u00dfkopf Wei\u00dfbach Schl\u00e4ger TT-Schl\u00e4ger Komplettschl\u00e4ger","breadcrumb":{"@id":"https:\/\/www.tt-experten.de\/index.php\/angebote-schlaeger\/#breadcrumb"},"inLanguage":"de","potentialAction":[{"@type":"ReadAction","target":["https:\/\/www.tt-experten.de\/index.php\/angebote-schlaeger\/"]}]},{"@type":"BreadcrumbList","@id":"https:\/\/www.tt-experten.de\/index.php\/angebote-schlaeger\/#breadcrumb","itemListElement":[{"@type":"ListItem","position":1,"name":"Home","item":"https:\/\/www.tt-experten.de\/"},{"@type":"ListItem","position":2,"name":"Angebote &#8211; Schl\u00e4ger"}]},{"@type":"WebSite","@id":"https:\/\/www.tt-experten.de\/#website","url":"https:\/\/www.tt-experten.de\/","name":"TT-Experten Ro\u00dfkopf & Wei\u00dfbach","description":"Tischtennis f\u00fcr Alle","publisher":{"@id":"https:\/\/www.tt-experten.de\/#organization"},"alternateName":"TT-Experten","potentialAction":[{"@type":"SearchAction","target":{"@type":"EntryPoint","urlTemplate":"https:\/\/www.tt-experten.de\/?s={search_term_string}"},"query-input":{"@type":"PropertyValueSpecification","valueRequired":true,"valueName":"search_term_string"}}],"inLanguage":"de"},{"@type":"Organization","@id":"https:\/\/www.tt-experten.de\/#organization","name":"TT-Experten Ro\u00dfkopf & Wei\u00dfbach","url":"https:\/\/www.tt-experten.de\/","logo":{"@type":"ImageObject","inLanguage":"de","@id":"https:\/\/www.tt-experten.de\/#\/schema\/logo\/image\/","url":"https:\/\/www.tt-experten.de\/wp-content\/uploads\/2024\/03\/cropped-schoeler_micke_partner_blue.png","contentUrl":"https:\/\/www.tt-experten.de\/wp-content\/uploads\/2024\/03\/cropped-schoeler_micke_partner_blue.png","width":160,"height":110,"caption":"TT-Experten Ro\u00dfkopf & Wei\u00dfbach"},"image":{"@id":"https:\/\/www.tt-experten.de\/#\/schema\/logo\/image\/"},"sameAs":["https:\/\/www.facebook.com\/ttexpertenkoeln","https:\/\/www.instagram.com\/tt.experten.rosskopf.weissbach\/"]}]}},"_links":{"self":[{"href":"https:\/\/www.tt-experten.de\/index.php\/wp-json\/wp\/v2\/pages\/774","targetHints":{"allow":["GET"]}}],"collection":[{"href":"https:\/\/www.tt-experten.de\/index.php\/wp-json\/wp\/v2\/pages"}],"about":[{"href":"https:\/\/www.tt-experten.de\/index.php\/wp-json\/wp\/v2\/types\/page"}],"author":[{"embeddable":true,"href":"https:\/\/www.tt-experten.de\/index.php\/wp-json\/wp\/v2\/users\/1"}],"replies":[{"embeddable":true,"href":"https:\/\/www.tt-experten.de\/index.php\/wp-json\/wp\/v2\/comments?post=774"}],"version-history":[{"count":1,"href":"https:\/\/www.tt-experten.de\/index.php\/wp-json\/wp\/v2\/pages\/774\/revisions"}],"predecessor-version":[{"id":816,"href":"https:\/\/www.tt-experten.de\/index.php\/wp-json\/wp\/v2\/pages\/774\/revisions\/816"}],"wp:attachment":[{"href":"https:\/\/www.tt-experten.de\/index.php\/wp-json\/wp\/v2\/media?parent=774"}],"curies":[{"name":"wp","href":"https:\/\/api.w.org\/{rel}","templated":true}]}}