{"id":500,"date":"2024-11-20T22:31:11","date_gmt":"2024-11-20T20:31:11","guid":{"rendered":"https:\/\/www.tt-experten.de\/?page_id=500"},"modified":"2024-11-20T22:31:11","modified_gmt":"2024-11-20T20:31:11","slug":"pokale-medaillen","status":"publish","type":"page","link":"https:\/\/www.tt-experten.de\/index.php\/pokale-medaillen\/","title":{"rendered":"Pokale &amp; Medaillen"},"content":{"rendered":"\n<p>Hier findet ihr eine reichhaltige Auswahl von Pokalen, Medaillen und Ehrenauszeichnungen von unserem Partnerunternehmen. Die gesamte Palette k\u00f6nnt ihr direkt \u00fcber uns beziehen.<\/p>\n\n\n\n<div class=\"wp-block-group is-nowrap is-layout-flex wp-container-core-group-is-layout-6c531013 wp-block-group-is-layout-flex\">\n<iframe id=\"pokale_medaillen\"\n  title=\"Pokale &#038; Medaillen\"\n  width=\"1280\"\n  height=\"1024\"src=\n\"https:\/\/www.ehrenpreis-katalog.de\/epaper\/aktuell\/#0\"\n       \n    <\/iframe>\n<\/div>\n","protected":false},"excerpt":{"rendered":"<p>Hier findet ihr eine reichhaltige Auswahl von Pokalen, Medaillen und Ehrenauszeichnungen von unserem Partnerunternehmen. Die gesamte Palette k\u00f6nnt ihr direkt \u00fcber uns beziehen.<\/p>\n","protected":false},"author":1,"featured_media":501,"parent":0,"menu_order":0,"comment_status":"closed","ping_status":"closed","template":"","meta":{"footnotes":""},"class_list":["post-500","page","type-page","status-publish","has-post-thumbnail","hentry"],"yoast_head":"<!-- This site is optimized with the Yoast SEO plugin v27.3 - https:\/\/yoast.com\/product\/yoast-seo-wordpress\/ -->\n<title>Pokale &amp; Medaillen - TT-Experten Ro\u00dfkopf &amp; Wei\u00dfbach<\/title>\n<meta name=\"description\" content=\"Pokale und Medaillen sowie Ehrenpreise. Alles was ihr zur Auszeichnung bei Euren Turnieren ben\u00f6tigt.\" \/>\n<meta name=\"robots\" content=\"index, follow, max-snippet:-1, max-image-preview:large, max-video-preview:-1\" \/>\n<link rel=\"canonical\" href=\"https:\/\/www.tt-experten.de\/index.php\/pokale-medaillen\/\" \/>\n<meta property=\"og:locale\" content=\"de_DE\" \/>\n<meta property=\"og:type\" content=\"article\" \/>\n<meta property=\"og:title\" content=\"Pokale &amp; Medaillen - TT-Experten Ro\u00dfkopf &amp; Wei\u00dfbach\" \/>\n<meta property=\"og:description\" content=\"Pokale und Medaillen sowie Ehrenpreise. Alles was ihr zur Auszeichnung bei Euren Turnieren ben\u00f6tigt.\" \/>\n<meta property=\"og:url\" content=\"https:\/\/www.tt-experten.de\/index.php\/pokale-medaillen\/\" \/>\n<meta property=\"og:site_name\" content=\"TT-Experten Ro\u00dfkopf &amp; Wei\u00dfbach\" \/>\n<meta property=\"article:publisher\" content=\"https:\/\/www.facebook.com\/ttexpertenkoeln\" \/>\n<meta property=\"og:image\" content=\"https:\/\/www.tt-experten.de\/wp-content\/uploads\/2024\/11\/pokale.png\" \/>\n\t<meta property=\"og:image:width\" content=\"440\" \/>\n\t<meta property=\"og:image:height\" content=\"623\" \/>\n\t<meta property=\"og:image:type\" content=\"image\/png\" \/>\n<meta name=\"twitter:card\" content=\"summary_large_image\" \/>\n<meta name=\"twitter:label1\" content=\"Gesch\u00e4tzte Lesezeit\" \/>\n\t<meta name=\"twitter:data1\" content=\"1\u00a0Minute\" \/>\n<script type=\"application\/ld+json\" class=\"yoast-schema-graph\">{\"@context\":\"https:\\\/\\\/schema.org\",\"@graph\":[{\"@type\":\"WebPage\",\"@id\":\"https:\\\/\\\/www.tt-experten.de\\\/index.php\\\/pokale-medaillen\\\/\",\"url\":\"https:\\\/\\\/www.tt-experten.de\\\/index.php\\\/pokale-medaillen\\\/\",\"name\":\"Pokale &amp; Medaillen - TT-Experten Ro\u00dfkopf &amp; Wei\u00dfbach\",\"isPartOf\":{\"@id\":\"https:\\\/\\\/www.tt-experten.de\\\/#website\"},\"primaryImageOfPage\":{\"@id\":\"https:\\\/\\\/www.tt-experten.de\\\/index.php\\\/pokale-medaillen\\\/#primaryimage\"},\"image\":{\"@id\":\"https:\\\/\\\/www.tt-experten.de\\\/index.php\\\/pokale-medaillen\\\/#primaryimage\"},\"thumbnailUrl\":\"https:\\\/\\\/www.tt-experten.de\\\/wp-content\\\/uploads\\\/2024\\\/11\\\/pokale.png\",\"datePublished\":\"2024-11-20T20:31:11+00:00\",\"description\":\"Pokale und Medaillen sowie Ehrenpreise. Alles was ihr zur Auszeichnung bei Euren Turnieren ben\u00f6tigt.\",\"breadcrumb\":{\"@id\":\"https:\\\/\\\/www.tt-experten.de\\\/index.php\\\/pokale-medaillen\\\/#breadcrumb\"},\"inLanguage\":\"de\",\"potentialAction\":[{\"@type\":\"ReadAction\",\"target\":[\"https:\\\/\\\/www.tt-experten.de\\\/index.php\\\/pokale-medaillen\\\/\"]}]},{\"@type\":\"ImageObject\",\"inLanguage\":\"de\",\"@id\":\"https:\\\/\\\/www.tt-experten.de\\\/index.php\\\/pokale-medaillen\\\/#primaryimage\",\"url\":\"https:\\\/\\\/www.tt-experten.de\\\/wp-content\\\/uploads\\\/2024\\\/11\\\/pokale.png\",\"contentUrl\":\"https:\\\/\\\/www.tt-experten.de\\\/wp-content\\\/uploads\\\/2024\\\/11\\\/pokale.png\",\"width\":440,\"height\":623},{\"@type\":\"BreadcrumbList\",\"@id\":\"https:\\\/\\\/www.tt-experten.de\\\/index.php\\\/pokale-medaillen\\\/#breadcrumb\",\"itemListElement\":[{\"@type\":\"ListItem\",\"position\":1,\"name\":\"Home\",\"item\":\"https:\\\/\\\/www.tt-experten.de\\\/\"},{\"@type\":\"ListItem\",\"position\":2,\"name\":\"Pokale &amp; Medaillen\"}]},{\"@type\":\"WebSite\",\"@id\":\"https:\\\/\\\/www.tt-experten.de\\\/#website\",\"url\":\"https:\\\/\\\/www.tt-experten.de\\\/\",\"name\":\"TT-Experten Ro\u00dfkopf & Wei\u00dfbach\",\"description\":\"Tischtennis f\u00fcr Alle\",\"publisher\":{\"@id\":\"https:\\\/\\\/www.tt-experten.de\\\/#organization\"},\"alternateName\":\"TT-Experten\",\"potentialAction\":[{\"@type\":\"SearchAction\",\"target\":{\"@type\":\"EntryPoint\",\"urlTemplate\":\"https:\\\/\\\/www.tt-experten.de\\\/?s={search_term_string}\"},\"query-input\":{\"@type\":\"PropertyValueSpecification\",\"valueRequired\":true,\"valueName\":\"search_term_string\"}}],\"inLanguage\":\"de\"},{\"@type\":\"Organization\",\"@id\":\"https:\\\/\\\/www.tt-experten.de\\\/#organization\",\"name\":\"TT-Experten Ro\u00dfkopf & Wei\u00dfbach\",\"url\":\"https:\\\/\\\/www.tt-experten.de\\\/\",\"logo\":{\"@type\":\"ImageObject\",\"inLanguage\":\"de\",\"@id\":\"https:\\\/\\\/www.tt-experten.de\\\/#\\\/schema\\\/logo\\\/image\\\/\",\"url\":\"https:\\\/\\\/www.tt-experten.de\\\/wp-content\\\/uploads\\\/2024\\\/03\\\/cropped-schoeler_micke_partner_blue.png\",\"contentUrl\":\"https:\\\/\\\/www.tt-experten.de\\\/wp-content\\\/uploads\\\/2024\\\/03\\\/cropped-schoeler_micke_partner_blue.png\",\"width\":160,\"height\":110,\"caption\":\"TT-Experten Ro\u00dfkopf & Wei\u00dfbach\"},\"image\":{\"@id\":\"https:\\\/\\\/www.tt-experten.de\\\/#\\\/schema\\\/logo\\\/image\\\/\"},\"sameAs\":[\"https:\\\/\\\/www.facebook.com\\\/ttexpertenkoeln\",\"https:\\\/\\\/www.instagram.com\\\/tt.experten.rosskopf.weissbach\\\/\"]}]}<\/script>\n<!-- \/ Yoast SEO plugin. -->","yoast_head_json":{"title":"Pokale &amp; Medaillen - TT-Experten Ro\u00dfkopf &amp; Wei\u00dfbach","description":"Pokale und Medaillen sowie Ehrenpreise. Alles was ihr zur Auszeichnung bei Euren Turnieren ben\u00f6tigt.","robots":{"index":"index","follow":"follow","max-snippet":"max-snippet:-1","max-image-preview":"max-image-preview:large","max-video-preview":"max-video-preview:-1"},"canonical":"https:\/\/www.tt-experten.de\/index.php\/pokale-medaillen\/","og_locale":"de_DE","og_type":"article","og_title":"Pokale &amp; Medaillen - TT-Experten Ro\u00dfkopf &amp; Wei\u00dfbach","og_description":"Pokale und Medaillen sowie Ehrenpreise. Alles was ihr zur Auszeichnung bei Euren Turnieren ben\u00f6tigt.","og_url":"https:\/\/www.tt-experten.de\/index.php\/pokale-medaillen\/","og_site_name":"TT-Experten Ro\u00dfkopf &amp; Wei\u00dfbach","article_publisher":"https:\/\/www.facebook.com\/ttexpertenkoeln","og_image":[{"width":440,"height":623,"url":"https:\/\/www.tt-experten.de\/wp-content\/uploads\/2024\/11\/pokale.png","type":"image\/png"}],"twitter_card":"summary_large_image","twitter_misc":{"Gesch\u00e4tzte Lesezeit":"1\u00a0Minute"},"schema":{"@context":"https:\/\/schema.org","@graph":[{"@type":"WebPage","@id":"https:\/\/www.tt-experten.de\/index.php\/pokale-medaillen\/","url":"https:\/\/www.tt-experten.de\/index.php\/pokale-medaillen\/","name":"Pokale &amp; Medaillen - TT-Experten Ro\u00dfkopf &amp; Wei\u00dfbach","isPartOf":{"@id":"https:\/\/www.tt-experten.de\/#website"},"primaryImageOfPage":{"@id":"https:\/\/www.tt-experten.de\/index.php\/pokale-medaillen\/#primaryimage"},"image":{"@id":"https:\/\/www.tt-experten.de\/index.php\/pokale-medaillen\/#primaryimage"},"thumbnailUrl":"https:\/\/www.tt-experten.de\/wp-content\/uploads\/2024\/11\/pokale.png","datePublished":"2024-11-20T20:31:11+00:00","description":"Pokale und Medaillen sowie Ehrenpreise. Alles was ihr zur Auszeichnung bei Euren Turnieren ben\u00f6tigt.","breadcrumb":{"@id":"https:\/\/www.tt-experten.de\/index.php\/pokale-medaillen\/#breadcrumb"},"inLanguage":"de","potentialAction":[{"@type":"ReadAction","target":["https:\/\/www.tt-experten.de\/index.php\/pokale-medaillen\/"]}]},{"@type":"ImageObject","inLanguage":"de","@id":"https:\/\/www.tt-experten.de\/index.php\/pokale-medaillen\/#primaryimage","url":"https:\/\/www.tt-experten.de\/wp-content\/uploads\/2024\/11\/pokale.png","contentUrl":"https:\/\/www.tt-experten.de\/wp-content\/uploads\/2024\/11\/pokale.png","width":440,"height":623},{"@type":"BreadcrumbList","@id":"https:\/\/www.tt-experten.de\/index.php\/pokale-medaillen\/#breadcrumb","itemListElement":[{"@type":"ListItem","position":1,"name":"Home","item":"https:\/\/www.tt-experten.de\/"},{"@type":"ListItem","position":2,"name":"Pokale &amp; Medaillen"}]},{"@type":"WebSite","@id":"https:\/\/www.tt-experten.de\/#website","url":"https:\/\/www.tt-experten.de\/","name":"TT-Experten Ro\u00dfkopf & Wei\u00dfbach","description":"Tischtennis f\u00fcr Alle","publisher":{"@id":"https:\/\/www.tt-experten.de\/#organization"},"alternateName":"TT-Experten","potentialAction":[{"@type":"SearchAction","target":{"@type":"EntryPoint","urlTemplate":"https:\/\/www.tt-experten.de\/?s={search_term_string}"},"query-input":{"@type":"PropertyValueSpecification","valueRequired":true,"valueName":"search_term_string"}}],"inLanguage":"de"},{"@type":"Organization","@id":"https:\/\/www.tt-experten.de\/#organization","name":"TT-Experten Ro\u00dfkopf & Wei\u00dfbach","url":"https:\/\/www.tt-experten.de\/","logo":{"@type":"ImageObject","inLanguage":"de","@id":"https:\/\/www.tt-experten.de\/#\/schema\/logo\/image\/","url":"https:\/\/www.tt-experten.de\/wp-content\/uploads\/2024\/03\/cropped-schoeler_micke_partner_blue.png","contentUrl":"https:\/\/www.tt-experten.de\/wp-content\/uploads\/2024\/03\/cropped-schoeler_micke_partner_blue.png","width":160,"height":110,"caption":"TT-Experten Ro\u00dfkopf & Wei\u00dfbach"},"image":{"@id":"https:\/\/www.tt-experten.de\/#\/schema\/logo\/image\/"},"sameAs":["https:\/\/www.facebook.com\/ttexpertenkoeln","https:\/\/www.instagram.com\/tt.experten.rosskopf.weissbach\/"]}]}},"_links":{"self":[{"href":"https:\/\/www.tt-experten.de\/index.php\/wp-json\/wp\/v2\/pages\/500","targetHints":{"allow":["GET"]}}],"collection":[{"href":"https:\/\/www.tt-experten.de\/index.php\/wp-json\/wp\/v2\/pages"}],"about":[{"href":"https:\/\/www.tt-experten.de\/index.php\/wp-json\/wp\/v2\/types\/page"}],"author":[{"embeddable":true,"href":"https:\/\/www.tt-experten.de\/index.php\/wp-json\/wp\/v2\/users\/1"}],"replies":[{"embeddable":true,"href":"https:\/\/www.tt-experten.de\/index.php\/wp-json\/wp\/v2\/comments?post=500"}],"version-history":[{"count":5,"href":"https:\/\/www.tt-experten.de\/index.php\/wp-json\/wp\/v2\/pages\/500\/revisions"}],"predecessor-version":[{"id":506,"href":"https:\/\/www.tt-experten.de\/index.php\/wp-json\/wp\/v2\/pages\/500\/revisions\/506"}],"wp:featuredmedia":[{"embeddable":true,"href":"https:\/\/www.tt-experten.de\/index.php\/wp-json\/wp\/v2\/media\/501"}],"wp:attachment":[{"href":"https:\/\/www.tt-experten.de\/index.php\/wp-json\/wp\/v2\/media?parent=500"}],"curies":[{"name":"wp","href":"https:\/\/api.w.org\/{rel}","templated":true}]}}