{"id":261,"date":"2024-06-26T21:25:41","date_gmt":"2024-06-26T19:25:41","guid":{"rendered":"https:\/\/www.tt-experten.de\/new1\/?page_id=261"},"modified":"2024-07-06T18:21:35","modified_gmt":"2024-07-06T16:21:35","slug":"kontakt","status":"publish","type":"page","link":"https:\/\/www.tt-experten.de\/index.php\/kontakt\/","title":{"rendered":"Kontakt"},"content":{"rendered":"\n<p>Bitte nutze ganz einfach das folgende Formular, um mit uns in Kontakt zu treten. Wir melden uns sehr gerne so schnell wie m\u00f6glich!<\/p>\n\n\n\n<div class=\"wpcf7 no-js\" id=\"wpcf7-f228-o1\" lang=\"en-US\" dir=\"ltr\" data-wpcf7-id=\"228\">\n<div class=\"screen-reader-response\"><p role=\"status\" aria-live=\"polite\" aria-atomic=\"true\"><\/p> <ul><\/ul><\/div>\n<form action=\"\/index.php\/wp-json\/wp\/v2\/pages\/261#wpcf7-f228-o1\" method=\"post\" class=\"wpcf7-form init\" aria-label=\"Contact form\" novalidate=\"novalidate\" data-status=\"init\">\n<fieldset class=\"hidden-fields-container\"><input type=\"hidden\" name=\"_wpcf7\" value=\"228\" \/><input type=\"hidden\" name=\"_wpcf7_version\" value=\"6.1.5\" \/><input type=\"hidden\" name=\"_wpcf7_locale\" value=\"en_US\" \/><input type=\"hidden\" name=\"_wpcf7_unit_tag\" value=\"wpcf7-f228-o1\" \/><input type=\"hidden\" name=\"_wpcf7_container_post\" value=\"0\" \/><input type=\"hidden\" name=\"_wpcf7_posted_data_hash\" value=\"\" \/>\n<\/fieldset>\n<p><label> Dein Name<br \/>\n<span class=\"wpcf7-form-control-wrap\" data-name=\"dein-name\"><input size=\"40\" maxlength=\"400\" class=\"wpcf7-form-control wpcf7-text wpcf7-validates-as-required\" autocomplete=\"name\" aria-required=\"true\" aria-invalid=\"false\" value=\"\" type=\"text\" name=\"dein-name\" \/><\/span> <\/label>\n<\/p>\n<p><label> Deine Mail-Adresse<br \/>\n<span class=\"wpcf7-form-control-wrap\" data-name=\"deine-email\"><input size=\"40\" maxlength=\"400\" class=\"wpcf7-form-control wpcf7-email wpcf7-validates-as-required wpcf7-text wpcf7-validates-as-email\" autocomplete=\"email\" aria-required=\"true\" aria-invalid=\"false\" value=\"\" type=\"email\" name=\"deine-email\" \/><\/span> <\/label>\n<\/p>\n<p><label> Betreff<br \/>\n<span class=\"wpcf7-form-control-wrap\" data-name=\"betreff\"><input size=\"40\" maxlength=\"400\" class=\"wpcf7-form-control wpcf7-text wpcf7-validates-as-required\" aria-required=\"true\" aria-invalid=\"false\" value=\"\" type=\"text\" name=\"betreff\" \/><\/span> <\/label>\n<\/p>\n<p><label> Wie k\u00f6nnen wir helfen? (optional)<br \/>\n<span class=\"wpcf7-form-control-wrap\" data-name=\"deine-nachricht\"><textarea cols=\"40\" rows=\"10\" maxlength=\"2000\" class=\"wpcf7-form-control wpcf7-textarea\" aria-invalid=\"false\" name=\"deine-nachricht\"><\/textarea><\/span> <\/label>\n<\/p>\n<p><input class=\"wpcf7-form-control wpcf7-submit has-spinner\" type=\"submit\" value=\"Ab die Post\" \/>\n<\/p><div class=\"wpcf7-response-output\" aria-hidden=\"true\"><\/div>\n<\/form>\n<\/div>\n\n","protected":false},"excerpt":{"rendered":"<p>Bitte nutze ganz einfach das folgende Formular, um mit uns in Kontakt zu treten. Wir melden uns sehr gerne so schnell wie m\u00f6glich!<\/p>\n","protected":false},"author":1,"featured_media":0,"parent":0,"menu_order":0,"comment_status":"closed","ping_status":"closed","template":"","meta":{"footnotes":""},"class_list":["post-261","page","type-page","status-publish","hentry"],"yoast_head":"<!-- This site is optimized with the Yoast SEO plugin v27.3 - https:\/\/yoast.com\/product\/yoast-seo-wordpress\/ -->\n<title>Kontakt - TT-Experten Ro\u00dfkopf &amp; Wei\u00dfbach<\/title>\n<meta name=\"description\" content=\"Kontaktiere uns \u00fcber diese Seite\" \/>\n<meta name=\"robots\" content=\"index, follow, max-snippet:-1, max-image-preview:large, max-video-preview:-1\" \/>\n<link rel=\"canonical\" href=\"https:\/\/www.tt-experten.de\/index.php\/kontakt\/\" \/>\n<meta property=\"og:locale\" content=\"de_DE\" \/>\n<meta property=\"og:type\" content=\"article\" \/>\n<meta property=\"og:title\" content=\"Kontakt - TT-Experten Ro\u00dfkopf &amp; Wei\u00dfbach\" \/>\n<meta property=\"og:description\" content=\"Kontaktiere uns \u00fcber diese Seite\" \/>\n<meta property=\"og:url\" content=\"https:\/\/www.tt-experten.de\/index.php\/kontakt\/\" \/>\n<meta property=\"og:site_name\" content=\"TT-Experten Ro\u00dfkopf &amp; Wei\u00dfbach\" \/>\n<meta property=\"article:publisher\" content=\"https:\/\/www.facebook.com\/ttexpertenkoeln\" \/>\n<meta property=\"article:modified_time\" content=\"2024-07-06T16:21:35+00:00\" \/>\n<meta name=\"twitter:card\" content=\"summary_large_image\" \/>\n<meta name=\"twitter:label1\" content=\"Gesch\u00e4tzte Lesezeit\" \/>\n\t<meta name=\"twitter:data1\" content=\"1\u00a0Minute\" \/>\n<script type=\"application\/ld+json\" class=\"yoast-schema-graph\">{\"@context\":\"https:\\\/\\\/schema.org\",\"@graph\":[{\"@type\":\"WebPage\",\"@id\":\"https:\\\/\\\/www.tt-experten.de\\\/index.php\\\/kontakt\\\/\",\"url\":\"https:\\\/\\\/www.tt-experten.de\\\/index.php\\\/kontakt\\\/\",\"name\":\"Kontakt - TT-Experten Ro\u00dfkopf &amp; Wei\u00dfbach\",\"isPartOf\":{\"@id\":\"https:\\\/\\\/www.tt-experten.de\\\/#website\"},\"datePublished\":\"2024-06-26T19:25:41+00:00\",\"dateModified\":\"2024-07-06T16:21:35+00:00\",\"description\":\"Kontaktiere uns \u00fcber diese Seite\",\"breadcrumb\":{\"@id\":\"https:\\\/\\\/www.tt-experten.de\\\/index.php\\\/kontakt\\\/#breadcrumb\"},\"inLanguage\":\"de\",\"potentialAction\":[{\"@type\":\"ReadAction\",\"target\":[\"https:\\\/\\\/www.tt-experten.de\\\/index.php\\\/kontakt\\\/\"]}]},{\"@type\":\"BreadcrumbList\",\"@id\":\"https:\\\/\\\/www.tt-experten.de\\\/index.php\\\/kontakt\\\/#breadcrumb\",\"itemListElement\":[{\"@type\":\"ListItem\",\"position\":1,\"name\":\"Home\",\"item\":\"https:\\\/\\\/www.tt-experten.de\\\/\"},{\"@type\":\"ListItem\",\"position\":2,\"name\":\"Kontakt\"}]},{\"@type\":\"WebSite\",\"@id\":\"https:\\\/\\\/www.tt-experten.de\\\/#website\",\"url\":\"https:\\\/\\\/www.tt-experten.de\\\/\",\"name\":\"TT-Experten Ro\u00dfkopf & Wei\u00dfbach\",\"description\":\"Tischtennis f\u00fcr Alle\",\"publisher\":{\"@id\":\"https:\\\/\\\/www.tt-experten.de\\\/#organization\"},\"alternateName\":\"TT-Experten\",\"potentialAction\":[{\"@type\":\"SearchAction\",\"target\":{\"@type\":\"EntryPoint\",\"urlTemplate\":\"https:\\\/\\\/www.tt-experten.de\\\/?s={search_term_string}\"},\"query-input\":{\"@type\":\"PropertyValueSpecification\",\"valueRequired\":true,\"valueName\":\"search_term_string\"}}],\"inLanguage\":\"de\"},{\"@type\":\"Organization\",\"@id\":\"https:\\\/\\\/www.tt-experten.de\\\/#organization\",\"name\":\"TT-Experten Ro\u00dfkopf & Wei\u00dfbach\",\"url\":\"https:\\\/\\\/www.tt-experten.de\\\/\",\"logo\":{\"@type\":\"ImageObject\",\"inLanguage\":\"de\",\"@id\":\"https:\\\/\\\/www.tt-experten.de\\\/#\\\/schema\\\/logo\\\/image\\\/\",\"url\":\"https:\\\/\\\/www.tt-experten.de\\\/wp-content\\\/uploads\\\/2024\\\/03\\\/cropped-schoeler_micke_partner_blue.png\",\"contentUrl\":\"https:\\\/\\\/www.tt-experten.de\\\/wp-content\\\/uploads\\\/2024\\\/03\\\/cropped-schoeler_micke_partner_blue.png\",\"width\":160,\"height\":110,\"caption\":\"TT-Experten Ro\u00dfkopf & Wei\u00dfbach\"},\"image\":{\"@id\":\"https:\\\/\\\/www.tt-experten.de\\\/#\\\/schema\\\/logo\\\/image\\\/\"},\"sameAs\":[\"https:\\\/\\\/www.facebook.com\\\/ttexpertenkoeln\",\"https:\\\/\\\/www.instagram.com\\\/tt.experten.rosskopf.weissbach\\\/\"]}]}<\/script>\n<!-- \/ Yoast SEO plugin. -->","yoast_head_json":{"title":"Kontakt - TT-Experten Ro\u00dfkopf &amp; Wei\u00dfbach","description":"Kontaktiere uns \u00fcber diese Seite","robots":{"index":"index","follow":"follow","max-snippet":"max-snippet:-1","max-image-preview":"max-image-preview:large","max-video-preview":"max-video-preview:-1"},"canonical":"https:\/\/www.tt-experten.de\/index.php\/kontakt\/","og_locale":"de_DE","og_type":"article","og_title":"Kontakt - TT-Experten Ro\u00dfkopf &amp; Wei\u00dfbach","og_description":"Kontaktiere uns \u00fcber diese Seite","og_url":"https:\/\/www.tt-experten.de\/index.php\/kontakt\/","og_site_name":"TT-Experten Ro\u00dfkopf &amp; Wei\u00dfbach","article_publisher":"https:\/\/www.facebook.com\/ttexpertenkoeln","article_modified_time":"2024-07-06T16:21:35+00:00","twitter_card":"summary_large_image","twitter_misc":{"Gesch\u00e4tzte Lesezeit":"1\u00a0Minute"},"schema":{"@context":"https:\/\/schema.org","@graph":[{"@type":"WebPage","@id":"https:\/\/www.tt-experten.de\/index.php\/kontakt\/","url":"https:\/\/www.tt-experten.de\/index.php\/kontakt\/","name":"Kontakt - TT-Experten Ro\u00dfkopf &amp; Wei\u00dfbach","isPartOf":{"@id":"https:\/\/www.tt-experten.de\/#website"},"datePublished":"2024-06-26T19:25:41+00:00","dateModified":"2024-07-06T16:21:35+00:00","description":"Kontaktiere uns \u00fcber diese Seite","breadcrumb":{"@id":"https:\/\/www.tt-experten.de\/index.php\/kontakt\/#breadcrumb"},"inLanguage":"de","potentialAction":[{"@type":"ReadAction","target":["https:\/\/www.tt-experten.de\/index.php\/kontakt\/"]}]},{"@type":"BreadcrumbList","@id":"https:\/\/www.tt-experten.de\/index.php\/kontakt\/#breadcrumb","itemListElement":[{"@type":"ListItem","position":1,"name":"Home","item":"https:\/\/www.tt-experten.de\/"},{"@type":"ListItem","position":2,"name":"Kontakt"}]},{"@type":"WebSite","@id":"https:\/\/www.tt-experten.de\/#website","url":"https:\/\/www.tt-experten.de\/","name":"TT-Experten Ro\u00dfkopf & Wei\u00dfbach","description":"Tischtennis f\u00fcr Alle","publisher":{"@id":"https:\/\/www.tt-experten.de\/#organization"},"alternateName":"TT-Experten","potentialAction":[{"@type":"SearchAction","target":{"@type":"EntryPoint","urlTemplate":"https:\/\/www.tt-experten.de\/?s={search_term_string}"},"query-input":{"@type":"PropertyValueSpecification","valueRequired":true,"valueName":"search_term_string"}}],"inLanguage":"de"},{"@type":"Organization","@id":"https:\/\/www.tt-experten.de\/#organization","name":"TT-Experten Ro\u00dfkopf & Wei\u00dfbach","url":"https:\/\/www.tt-experten.de\/","logo":{"@type":"ImageObject","inLanguage":"de","@id":"https:\/\/www.tt-experten.de\/#\/schema\/logo\/image\/","url":"https:\/\/www.tt-experten.de\/wp-content\/uploads\/2024\/03\/cropped-schoeler_micke_partner_blue.png","contentUrl":"https:\/\/www.tt-experten.de\/wp-content\/uploads\/2024\/03\/cropped-schoeler_micke_partner_blue.png","width":160,"height":110,"caption":"TT-Experten Ro\u00dfkopf & Wei\u00dfbach"},"image":{"@id":"https:\/\/www.tt-experten.de\/#\/schema\/logo\/image\/"},"sameAs":["https:\/\/www.facebook.com\/ttexpertenkoeln","https:\/\/www.instagram.com\/tt.experten.rosskopf.weissbach\/"]}]}},"_links":{"self":[{"href":"https:\/\/www.tt-experten.de\/index.php\/wp-json\/wp\/v2\/pages\/261","targetHints":{"allow":["GET"]}}],"collection":[{"href":"https:\/\/www.tt-experten.de\/index.php\/wp-json\/wp\/v2\/pages"}],"about":[{"href":"https:\/\/www.tt-experten.de\/index.php\/wp-json\/wp\/v2\/types\/page"}],"author":[{"embeddable":true,"href":"https:\/\/www.tt-experten.de\/index.php\/wp-json\/wp\/v2\/users\/1"}],"replies":[{"embeddable":true,"href":"https:\/\/www.tt-experten.de\/index.php\/wp-json\/wp\/v2\/comments?post=261"}],"version-history":[{"count":1,"href":"https:\/\/www.tt-experten.de\/index.php\/wp-json\/wp\/v2\/pages\/261\/revisions"}],"predecessor-version":[{"id":262,"href":"https:\/\/www.tt-experten.de\/index.php\/wp-json\/wp\/v2\/pages\/261\/revisions\/262"}],"wp:attachment":[{"href":"https:\/\/www.tt-experten.de\/index.php\/wp-json\/wp\/v2\/media?parent=261"}],"curies":[{"name":"wp","href":"https:\/\/api.w.org\/{rel}","templated":true}]}}