{"id":206,"date":"2024-06-22T15:24:45","date_gmt":"2024-06-22T13:24:45","guid":{"rendered":"https:\/\/www.tt-experten.de\/new1\/?page_id=206"},"modified":"2024-07-04T15:39:26","modified_gmt":"2024-07-04T13:39:26","slug":"datenschutzerklarung","status":"publish","type":"page","link":"https:\/\/www.tt-experten.de\/index.php\/datenschutzerklarung\/","title":{"rendered":"Datenschutzerkl\u00e4rung"},"content":{"rendered":"\n<p><strong>Datenschutz<\/strong><br>Die Betreiber dieser Seiten nehmen den Schutz Ihrer pers\u00f6nlichen Daten sehr ernst. Wir behandeln Ihre personenbezogenen Daten vertraulich und entsprechend der gesetzlichen Datenschutzvorschriften sowie dieser Datenschutzerkl\u00e4rung.<\/p>\n\n\n\n<p>Die Nutzung unserer Webseite ist in der Regel ohne Angabe personenbezogener Daten m\u00f6glich. Soweit auf unseren Seiten personenbezogene Daten (beispielsweise Name, Anschrift oder E-Mail-Adressen) erhoben werden, erfolgt dies, soweit m\u00f6glich, stets auf freiwilliger Basis. Diese Daten werden ohne Ihre ausdr\u00fcckliche Zustimmung nicht an Dritte weitergegeben.<\/p>\n\n\n\n<p>Wir weisen darauf hin, dass die Daten\u00fcbertragung im Internet (z.B. bei der Kommunikation per E-Mail) Sicherheitsl\u00fccken aufweisen kann. Ein l\u00fcckenloser Schutz der Daten vor dem Zugriff durch Dritte ist nicht m\u00f6glich.<\/p>\n\n\n\n<p><strong>Server-Log-Files<\/strong><br>Der Provider der Seiten erhebt und speichert automatisch Informationen in so genannten Server-Log Files, die Ihr Browser automatisch an uns \u00fcbermittelt. Dies sind:<br>Browsertyp\/ Browserversion<br>verwendetes Betriebssystem<br>Referrer URL<br>Hostname des zugreifenden Rechners<br>Uhrzeit der Serveranfrage<\/p>\n\n\n\n<p>Diese Daten sind nicht bestimmten Personen zuordenbar. Eine Zusammenf\u00fchrung dieser Daten mit anderen Datenquellen wird nicht vorgenommen. Wir behalten uns vor, diese Daten nachtr\u00e4glich zu pr\u00fcfen, wenn uns konkrete Anhaltspunkte f\u00fcr eine rechtswidrige Nutzung bekannt werden.<\/p>\n\n\n\n<p><strong>Kontaktformular<\/strong><br>Wenn Sie uns per Kontaktformular Anfragen zukommen lassen, werden Ihre Angaben aus dem Anfrageformular inklusive der von hnen dort angegebenen Kontaktdaten zwecks Bearbeitung der Anfrage und f\u00fcr den Fall von Anschlussfragen bei uns gespeichert. Diese Daten geben wir nicht ohne Ihre Einwilligung weiter.<\/p>\n\n\n\n<p><strong>Widerspruch Werbe-Mails<\/strong><br>Der Nutzung von im Rahmen der Impressumspflicht ver\u00f6ffentlichten Kontaktdaten zur \u00fcbersendung von nicht ausdr\u00fccklich angeforderter Werbung und Informationsmaterialien wird hiermit widersprochen. Die Betreiber der Seiten behalten sich ausdr\u00fccklich rechtliche Schritte im Falle der unverlangten Zusendung von Werbeinformationen, etwa durch Spam-E-Mails, vor.<\/p>\n\n\n\n<p><strong>Newsletterdaten<\/strong><br>Wenn Sie den auf der Webseite angebotenen Newsletter beziehen m\u00f6chten, ben\u00f6tigen wir von Ihnen eine E-Mail-Adresse sowie Informationen, welche uns die \u00fcberpr\u00fcfung gestatten, dass Sie der Inhaber der angegebenen E-Mail-Adresse sind und mit dem Empfang des Newsletters einverstanden sind. Weitere Daten werden nicht erhoben. Diese Daten verwenden wir ausschlie\u00dflich f\u00fcr den Versand der angeforderten Informationen und geben sie nicht an Dritte weiter.<br>Die erteilte Einwilligung zur Speicherung der Daten, der E-Mail-Adresse sowie deren Nutzung zum Versand des Newsletters k\u00f6nnen Sie jederzeit widerrufen , etwa \u00fcber den \u201eAustragen\u201c-Link im Newsletter.<\/p>\n\n\n\n<p>Bitte beachten Sie auch unsere\u00a0<a href=\"https:\/\/www.tt-experten.de\/index.php\/agb\/\" data-type=\"page\" data-id=\"203\">AGBs<\/a>,\u00a0sowie unseren\u00a0<a href=\"https:\/\/www.tt-experten.de\/index.php\/impressum\/\" data-type=\"page\" data-id=\"201\">Impressum<\/a>.<\/p>\n","protected":false},"excerpt":{"rendered":"<p>DatenschutzDie Betreiber dieser Seiten nehmen den Schutz Ihrer pers\u00f6nlichen Daten sehr ernst. Wir behandeln Ihre personenbezogenen Daten vertraulich und entsprechend der gesetzlichen Datenschutzvorschriften sowie dieser Datenschutzerkl\u00e4rung. Die Nutzung unserer Webseite ist in der Regel ohne Angabe personenbezogener Daten m\u00f6glich. Soweit auf unseren Seiten personenbezogene Daten (beispielsweise Name, Anschrift oder E-Mail-Adressen) erhoben werden, erfolgt dies, soweit [&hellip;]<\/p>\n","protected":false},"author":1,"featured_media":0,"parent":0,"menu_order":0,"comment_status":"closed","ping_status":"closed","template":"","meta":{"footnotes":""},"class_list":["post-206","page","type-page","status-publish","hentry"],"yoast_head":"<!-- This site is optimized with the Yoast SEO plugin v27.3 - https:\/\/yoast.com\/product\/yoast-seo-wordpress\/ -->\n<title>Datenschutzerkl\u00e4rung - TT-Experten Ro\u00dfkopf &amp; Wei\u00dfbach<\/title>\n<meta name=\"description\" content=\"Hier ist die Datenschutzerkl\u00e4rung von www.tt-experten.de\" \/>\n<meta name=\"robots\" content=\"index, follow, max-snippet:-1, max-image-preview:large, max-video-preview:-1\" \/>\n<link rel=\"canonical\" href=\"https:\/\/www.tt-experten.de\/index.php\/datenschutzerklarung\/\" \/>\n<meta property=\"og:locale\" content=\"de_DE\" \/>\n<meta property=\"og:type\" content=\"article\" \/>\n<meta property=\"og:title\" content=\"Datenschutzerkl\u00e4rung - TT-Experten Ro\u00dfkopf &amp; Wei\u00dfbach\" \/>\n<meta property=\"og:description\" content=\"Hier ist die Datenschutzerkl\u00e4rung von www.tt-experten.de\" \/>\n<meta property=\"og:url\" content=\"https:\/\/www.tt-experten.de\/index.php\/datenschutzerklarung\/\" \/>\n<meta property=\"og:site_name\" content=\"TT-Experten Ro\u00dfkopf &amp; Wei\u00dfbach\" \/>\n<meta property=\"article:publisher\" content=\"https:\/\/www.facebook.com\/ttexpertenkoeln\" \/>\n<meta property=\"article:modified_time\" content=\"2024-07-04T13:39:26+00:00\" \/>\n<meta name=\"twitter:card\" content=\"summary_large_image\" \/>\n<meta name=\"twitter:label1\" content=\"Gesch\u00e4tzte Lesezeit\" \/>\n\t<meta name=\"twitter:data1\" content=\"2\u00a0Minuten\" \/>\n<script type=\"application\/ld+json\" class=\"yoast-schema-graph\">{\"@context\":\"https:\\\/\\\/schema.org\",\"@graph\":[{\"@type\":\"WebPage\",\"@id\":\"https:\\\/\\\/www.tt-experten.de\\\/index.php\\\/datenschutzerklarung\\\/\",\"url\":\"https:\\\/\\\/www.tt-experten.de\\\/index.php\\\/datenschutzerklarung\\\/\",\"name\":\"Datenschutzerkl\u00e4rung - TT-Experten Ro\u00dfkopf &amp; Wei\u00dfbach\",\"isPartOf\":{\"@id\":\"https:\\\/\\\/www.tt-experten.de\\\/#website\"},\"datePublished\":\"2024-06-22T13:24:45+00:00\",\"dateModified\":\"2024-07-04T13:39:26+00:00\",\"description\":\"Hier ist die Datenschutzerkl\u00e4rung von www.tt-experten.de\",\"breadcrumb\":{\"@id\":\"https:\\\/\\\/www.tt-experten.de\\\/index.php\\\/datenschutzerklarung\\\/#breadcrumb\"},\"inLanguage\":\"de\",\"potentialAction\":[{\"@type\":\"ReadAction\",\"target\":[\"https:\\\/\\\/www.tt-experten.de\\\/index.php\\\/datenschutzerklarung\\\/\"]}]},{\"@type\":\"BreadcrumbList\",\"@id\":\"https:\\\/\\\/www.tt-experten.de\\\/index.php\\\/datenschutzerklarung\\\/#breadcrumb\",\"itemListElement\":[{\"@type\":\"ListItem\",\"position\":1,\"name\":\"Home\",\"item\":\"https:\\\/\\\/www.tt-experten.de\\\/\"},{\"@type\":\"ListItem\",\"position\":2,\"name\":\"Datenschutzerkl\u00e4rung\"}]},{\"@type\":\"WebSite\",\"@id\":\"https:\\\/\\\/www.tt-experten.de\\\/#website\",\"url\":\"https:\\\/\\\/www.tt-experten.de\\\/\",\"name\":\"TT-Experten Ro\u00dfkopf & Wei\u00dfbach\",\"description\":\"Tischtennis f\u00fcr Alle\",\"publisher\":{\"@id\":\"https:\\\/\\\/www.tt-experten.de\\\/#organization\"},\"alternateName\":\"TT-Experten\",\"potentialAction\":[{\"@type\":\"SearchAction\",\"target\":{\"@type\":\"EntryPoint\",\"urlTemplate\":\"https:\\\/\\\/www.tt-experten.de\\\/?s={search_term_string}\"},\"query-input\":{\"@type\":\"PropertyValueSpecification\",\"valueRequired\":true,\"valueName\":\"search_term_string\"}}],\"inLanguage\":\"de\"},{\"@type\":\"Organization\",\"@id\":\"https:\\\/\\\/www.tt-experten.de\\\/#organization\",\"name\":\"TT-Experten Ro\u00dfkopf & Wei\u00dfbach\",\"url\":\"https:\\\/\\\/www.tt-experten.de\\\/\",\"logo\":{\"@type\":\"ImageObject\",\"inLanguage\":\"de\",\"@id\":\"https:\\\/\\\/www.tt-experten.de\\\/#\\\/schema\\\/logo\\\/image\\\/\",\"url\":\"https:\\\/\\\/www.tt-experten.de\\\/wp-content\\\/uploads\\\/2024\\\/03\\\/cropped-schoeler_micke_partner_blue.png\",\"contentUrl\":\"https:\\\/\\\/www.tt-experten.de\\\/wp-content\\\/uploads\\\/2024\\\/03\\\/cropped-schoeler_micke_partner_blue.png\",\"width\":160,\"height\":110,\"caption\":\"TT-Experten Ro\u00dfkopf & Wei\u00dfbach\"},\"image\":{\"@id\":\"https:\\\/\\\/www.tt-experten.de\\\/#\\\/schema\\\/logo\\\/image\\\/\"},\"sameAs\":[\"https:\\\/\\\/www.facebook.com\\\/ttexpertenkoeln\",\"https:\\\/\\\/www.instagram.com\\\/tt.experten.rosskopf.weissbach\\\/\"]}]}<\/script>\n<!-- \/ Yoast SEO plugin. -->","yoast_head_json":{"title":"Datenschutzerkl\u00e4rung - TT-Experten Ro\u00dfkopf &amp; Wei\u00dfbach","description":"Hier ist die Datenschutzerkl\u00e4rung von www.tt-experten.de","robots":{"index":"index","follow":"follow","max-snippet":"max-snippet:-1","max-image-preview":"max-image-preview:large","max-video-preview":"max-video-preview:-1"},"canonical":"https:\/\/www.tt-experten.de\/index.php\/datenschutzerklarung\/","og_locale":"de_DE","og_type":"article","og_title":"Datenschutzerkl\u00e4rung - TT-Experten Ro\u00dfkopf &amp; Wei\u00dfbach","og_description":"Hier ist die Datenschutzerkl\u00e4rung von www.tt-experten.de","og_url":"https:\/\/www.tt-experten.de\/index.php\/datenschutzerklarung\/","og_site_name":"TT-Experten Ro\u00dfkopf &amp; Wei\u00dfbach","article_publisher":"https:\/\/www.facebook.com\/ttexpertenkoeln","article_modified_time":"2024-07-04T13:39:26+00:00","twitter_card":"summary_large_image","twitter_misc":{"Gesch\u00e4tzte Lesezeit":"2\u00a0Minuten"},"schema":{"@context":"https:\/\/schema.org","@graph":[{"@type":"WebPage","@id":"https:\/\/www.tt-experten.de\/index.php\/datenschutzerklarung\/","url":"https:\/\/www.tt-experten.de\/index.php\/datenschutzerklarung\/","name":"Datenschutzerkl\u00e4rung - TT-Experten Ro\u00dfkopf &amp; Wei\u00dfbach","isPartOf":{"@id":"https:\/\/www.tt-experten.de\/#website"},"datePublished":"2024-06-22T13:24:45+00:00","dateModified":"2024-07-04T13:39:26+00:00","description":"Hier ist die Datenschutzerkl\u00e4rung von www.tt-experten.de","breadcrumb":{"@id":"https:\/\/www.tt-experten.de\/index.php\/datenschutzerklarung\/#breadcrumb"},"inLanguage":"de","potentialAction":[{"@type":"ReadAction","target":["https:\/\/www.tt-experten.de\/index.php\/datenschutzerklarung\/"]}]},{"@type":"BreadcrumbList","@id":"https:\/\/www.tt-experten.de\/index.php\/datenschutzerklarung\/#breadcrumb","itemListElement":[{"@type":"ListItem","position":1,"name":"Home","item":"https:\/\/www.tt-experten.de\/"},{"@type":"ListItem","position":2,"name":"Datenschutzerkl\u00e4rung"}]},{"@type":"WebSite","@id":"https:\/\/www.tt-experten.de\/#website","url":"https:\/\/www.tt-experten.de\/","name":"TT-Experten Ro\u00dfkopf & Wei\u00dfbach","description":"Tischtennis f\u00fcr Alle","publisher":{"@id":"https:\/\/www.tt-experten.de\/#organization"},"alternateName":"TT-Experten","potentialAction":[{"@type":"SearchAction","target":{"@type":"EntryPoint","urlTemplate":"https:\/\/www.tt-experten.de\/?s={search_term_string}"},"query-input":{"@type":"PropertyValueSpecification","valueRequired":true,"valueName":"search_term_string"}}],"inLanguage":"de"},{"@type":"Organization","@id":"https:\/\/www.tt-experten.de\/#organization","name":"TT-Experten Ro\u00dfkopf & Wei\u00dfbach","url":"https:\/\/www.tt-experten.de\/","logo":{"@type":"ImageObject","inLanguage":"de","@id":"https:\/\/www.tt-experten.de\/#\/schema\/logo\/image\/","url":"https:\/\/www.tt-experten.de\/wp-content\/uploads\/2024\/03\/cropped-schoeler_micke_partner_blue.png","contentUrl":"https:\/\/www.tt-experten.de\/wp-content\/uploads\/2024\/03\/cropped-schoeler_micke_partner_blue.png","width":160,"height":110,"caption":"TT-Experten Ro\u00dfkopf & Wei\u00dfbach"},"image":{"@id":"https:\/\/www.tt-experten.de\/#\/schema\/logo\/image\/"},"sameAs":["https:\/\/www.facebook.com\/ttexpertenkoeln","https:\/\/www.instagram.com\/tt.experten.rosskopf.weissbach\/"]}]}},"_links":{"self":[{"href":"https:\/\/www.tt-experten.de\/index.php\/wp-json\/wp\/v2\/pages\/206","targetHints":{"allow":["GET"]}}],"collection":[{"href":"https:\/\/www.tt-experten.de\/index.php\/wp-json\/wp\/v2\/pages"}],"about":[{"href":"https:\/\/www.tt-experten.de\/index.php\/wp-json\/wp\/v2\/types\/page"}],"author":[{"embeddable":true,"href":"https:\/\/www.tt-experten.de\/index.php\/wp-json\/wp\/v2\/users\/1"}],"replies":[{"embeddable":true,"href":"https:\/\/www.tt-experten.de\/index.php\/wp-json\/wp\/v2\/comments?post=206"}],"version-history":[{"count":2,"href":"https:\/\/www.tt-experten.de\/index.php\/wp-json\/wp\/v2\/pages\/206\/revisions"}],"predecessor-version":[{"id":284,"href":"https:\/\/www.tt-experten.de\/index.php\/wp-json\/wp\/v2\/pages\/206\/revisions\/284"}],"wp:attachment":[{"href":"https:\/\/www.tt-experten.de\/index.php\/wp-json\/wp\/v2\/media?parent=206"}],"curies":[{"name":"wp","href":"https:\/\/api.w.org\/{rel}","templated":true}]}}