{"id":178,"date":"2024-06-22T14:08:20","date_gmt":"2024-06-22T12:08:20","guid":{"rendered":"https:\/\/www.tt-experten.de\/new1\/?page_id=178"},"modified":"2024-10-01T17:51:23","modified_gmt":"2024-10-01T15:51:23","slug":"uber-uns","status":"publish","type":"page","link":"https:\/\/www.tt-experten.de\/index.php\/uber-uns\/","title":{"rendered":"\u00dcber uns"},"content":{"rendered":"\n<h2 class=\"wp-block-heading\">Ro\u00dfkopf &amp; Wei\u00dfbach &#8211; Die TT-Experten<\/h2>\n\n\n\n<p>Im Fr\u00fchjahr 1991 entschlossen wir (zwei Tischtennis begeisterte Mittzwanziger) uns dazu, im K\u00f6lner Stadtteil Ehrenfeld ein Tischtennis &#8211; Fachgesch\u00e4ft zu er\u00f6ffnen. Der Eine (Thomas) war zu diesem Zeitpunkt schon langj\u00e4hriger Bundesligaprofi, der Andere (Klaus) wollte unbedingt sein Hobby zum Beruf machen. Unsere Absicht war es immer, die Bed\u00fcrfnisse unserer Kunden in den Vordergrund zu stellen und dabei gesch\u00e4ftlich erfolgreich zu sein. Optimale Beratung, faire Preise und eine breite Angebotspalette mit gro\u00dfer Markenvielfalt sind bis zum heutigen Tag unser erkl\u00e4rtes Ziel.<\/p>\n\n\n\n<p>Die in den letzten 29 Jahren erworbenen Fachkenntnisse f\u00fchrten im Laufe der Jahre dazu, bei den Tischtennis Spielern \u201cKultstatus\u201d zu erlangen. So wurden wir, auch \u00fcberregional, mehr und mehr bekannt. Erfahrung, gepaart mit innovativem Denken, bringen uns t\u00e4glich auf den neusten Stand der Entwicklung. Davon profitieren in erster Linie unsere Tischtennis Spieler.<\/p>\n\n\n\n<p>Im Jahre 1996 er\u00f6ffneten wir ein zweites Fachgesch\u00e4ft in Sankt Augustin &#8211; Menden. Selbstverst\u00e4ndlich sind wir auch dort unseren Grunds\u00e4tzen treu geblieben. Unsere kostenlosen Serviceleistungen, wie Schl\u00e4germontage, Testmaterial, Holzreparaturen usw. sind wohl in der gesamten Szene einzigartig. Dar\u00fcber hinaus ist es f\u00fcr uns selbstverst\u00e4ndlich, immer die g\u00fcnstigsten Preise an euch Sportler weiter zu geben.<\/p>\n\n\n\n<p>Ich bedanke mich ausdr\u00fccklich f\u00fcr die freundschaftliche Zusammenarbeit. David, Bj\u00f6rn und ich werden auch in Zukunft mit Rat und Tat f\u00fcr euch da sein.<\/p>\n\n\n\n<p>Euer Thomas Ro\u00dfkopf<\/p>\n\n\n\n<hr class=\"wp-block-separator has-alpha-channel-opacity\"\/>\n\n\n\n<p>Liebe Tischtennisfreunde,<\/p>\n\n\n\n<p>Am 12 Mai 2020 verstarb v\u00f6llig unerwartet unser Freund und Gesch\u00e4ftspartner Klaus Wei\u00dfbah an einem Herzinfarkt.<\/p>\n\n\n\n<p>Der K\u00f6lner Express hat online einen sch\u00f6nen Artikel zum Abschied von Klaus herausgebracht. <a href=\"https:\/\/www.express.de\/koeln\/tischtennis-koeln-klaus-weissbach-tot-geschaeftspartner-von-rosskopf-56501\">Hier zum Nachlesen.<\/a><\/p>\n\n\n\n<p>Zu seinem Gedenken wurde im Oktober 2020 aus Spenden eine Tischtennisplatte in K\u00f6ln-Ehrenfeld errichtet.<\/p>\n\n\n\n<figure class=\"wp-block-image size-large\"><img decoding=\"async\" src=\"https:\/\/www.tt-experten.de\/wp-content\/uploads\/2024\/06\/tisch_thomas_klaus_verstorben-880x1024.jpg\" alt=\"\"\/><\/figure>\n\n\n\n<p>Wir bedanken uns ganz herzlich f\u00fcr die aufrichtige Anteilnahme, die vielen tr\u00f6stenden Worte, die gro\u00dfe Hilfsbereitschaft und das Gef\u00fchl der Verbundenheit anl\u00e4sslich des Todes von unserem Freund und TT-Experten Klaus. Dank eurer Spenden und der Unterst\u00fctzung der Stadt K\u00f6ln konnte die Idee eines \u201eKlaus Gedenk TT Tisches\u201c finanziert und realisiert werden. Seit wenigen Tagen steht der Tisch im Ehrenfelder Takufeld, nur ca 800m vom TT-Shop entfernt in einem sch\u00f6nen gr\u00fcnen, sportorientierten Ambiente. Gerne h\u00e4tten wir diesen besonderen Platz mit euch und ein paar K\u00f6lsch geb\u00fchrend eingeweiht, aber dies ist auf Grund der aktuellen Corona Situation leider nicht m\u00f6glich.<\/p>\n\n\n\n<p>\u00dcber rasante Matches dort w\u00fcrde sich Klaus sicherlich jederzeit freuen!!!<\/p>\n\n\n\n<p>Euer TT-Experten Team<\/p>\n\n\n\n<p>Wegbeschreibung: vom Shop aus die Subbelrather Stra\u00dfe stadtausw\u00e4rts Richtung \u00c4u\u00dfere Kanal Stra\u00dfe, gegen\u00fcber Alpener Stra\u00dfe rechts in den Park gehen, nach ca 100m hinter dem Sportplatz links.<\/p>\n","protected":false},"excerpt":{"rendered":"<p>Ro\u00dfkopf &amp; Wei\u00dfbach &#8211; Die TT-Experten Im Fr\u00fchjahr 1991 entschlossen wir (zwei Tischtennis begeisterte Mittzwanziger) uns dazu, im K\u00f6lner Stadtteil Ehrenfeld ein Tischtennis &#8211; Fachgesch\u00e4ft zu er\u00f6ffnen. Der Eine (Thomas) war zu diesem Zeitpunkt schon langj\u00e4hriger Bundesligaprofi, der Andere (Klaus) wollte unbedingt sein Hobby zum Beruf machen. Unsere Absicht war es immer, die Bed\u00fcrfnisse unserer [&hellip;]<\/p>\n","protected":false},"author":1,"featured_media":0,"parent":0,"menu_order":0,"comment_status":"closed","ping_status":"closed","template":"","meta":{"footnotes":""},"class_list":["post-178","page","type-page","status-publish","hentry"],"yoast_head":"<!-- This site is optimized with the Yoast SEO plugin v27.3 - https:\/\/yoast.com\/product\/yoast-seo-wordpress\/ -->\n<title>\u00dcber uns - TT-Experten Ro\u00dfkopf &amp; Wei\u00dfbach<\/title>\n<meta name=\"description\" content=\"Ro\u00dfkopf &amp; Wei\u00dfbach - Die TT-ExpertenIm Fr\u00fchjahr 1991 entschlossen wir (zwei Tischtennis begeisterte Mittzwanziger) uns dazu, im K\u00f6lner Stadtteil Ehrenfeld ein Tischtennis - Fachgesch\u00e4ft zu er\u00f6ffnen. Der Eine (Thomas) war zu diesem Zeitpunkt schon langj\u00e4hriger Bundesligaprofi, der Andere (Klaus) wollte unbedingt sein Hobby zum Beruf machen. Unsere Absicht war es immer, die Bed\u00fcrfnisse unserer Kunden in den Vordergrund zu stellen und dabei gesch\u00e4ftlich erfolgreich zu sein. Optimale Beratung, faire Preise und eine breite Angebotspalette mit gro\u00dfer Markenvielfalt sind bis zum heutigen Tag unser erkl\u00e4rtes Ziel.Die in den letzten 29 Jahren erworbenen Fachkenntnisse f\u00fchrten im Laufe der Jahre dazu, bei den Tischtennis Spielern \u201cKultstatus\u201d zu erlangen. So wurden wir, auch \u00fcberregional, mehr und mehr bekannt. Erfahrung, gepaart mit innovativem Denken, bringen uns t\u00e4glich auf den neusten Stand der Entwicklung. Davon profitieren in erster Linie unsere Tischtennis Spieler.\" \/>\n<meta name=\"robots\" content=\"index, follow, max-snippet:-1, max-image-preview:large, max-video-preview:-1\" \/>\n<link rel=\"canonical\" href=\"https:\/\/www.tt-experten.de\/index.php\/uber-uns\/\" \/>\n<meta property=\"og:locale\" content=\"de_DE\" \/>\n<meta property=\"og:type\" content=\"article\" \/>\n<meta property=\"og:title\" content=\"\u00dcber uns - TT-Experten Ro\u00dfkopf &amp; Wei\u00dfbach\" \/>\n<meta property=\"og:description\" content=\"Ro\u00dfkopf &amp; Wei\u00dfbach - Die TT-ExpertenIm Fr\u00fchjahr 1991 entschlossen wir (zwei Tischtennis begeisterte Mittzwanziger) uns dazu, im K\u00f6lner Stadtteil Ehrenfeld ein Tischtennis - Fachgesch\u00e4ft zu er\u00f6ffnen. Der Eine (Thomas) war zu diesem Zeitpunkt schon langj\u00e4hriger Bundesligaprofi, der Andere (Klaus) wollte unbedingt sein Hobby zum Beruf machen. Unsere Absicht war es immer, die Bed\u00fcrfnisse unserer Kunden in den Vordergrund zu stellen und dabei gesch\u00e4ftlich erfolgreich zu sein. Optimale Beratung, faire Preise und eine breite Angebotspalette mit gro\u00dfer Markenvielfalt sind bis zum heutigen Tag unser erkl\u00e4rtes Ziel.Die in den letzten 29 Jahren erworbenen Fachkenntnisse f\u00fchrten im Laufe der Jahre dazu, bei den Tischtennis Spielern \u201cKultstatus\u201d zu erlangen. So wurden wir, auch \u00fcberregional, mehr und mehr bekannt. Erfahrung, gepaart mit innovativem Denken, bringen uns t\u00e4glich auf den neusten Stand der Entwicklung. Davon profitieren in erster Linie unsere Tischtennis Spieler.\" \/>\n<meta property=\"og:url\" content=\"https:\/\/www.tt-experten.de\/index.php\/uber-uns\/\" \/>\n<meta property=\"og:site_name\" content=\"TT-Experten Ro\u00dfkopf &amp; Wei\u00dfbach\" \/>\n<meta property=\"article:publisher\" content=\"https:\/\/www.facebook.com\/ttexpertenkoeln\" \/>\n<meta property=\"article:modified_time\" content=\"2024-10-01T15:51:23+00:00\" \/>\n<meta property=\"og:image\" content=\"https:\/\/www.tt-experten.de\/wp-content\/uploads\/2024\/06\/tisch_thomas_klaus_verstorben-880x1024.jpg\" \/>\n<meta name=\"twitter:card\" content=\"summary_large_image\" \/>\n<meta name=\"twitter:label1\" content=\"Gesch\u00e4tzte Lesezeit\" \/>\n\t<meta name=\"twitter:data1\" content=\"3\u00a0Minuten\" \/>\n<script type=\"application\/ld+json\" class=\"yoast-schema-graph\">{\"@context\":\"https:\\\/\\\/schema.org\",\"@graph\":[{\"@type\":\"WebPage\",\"@id\":\"https:\\\/\\\/www.tt-experten.de\\\/index.php\\\/uber-uns\\\/\",\"url\":\"https:\\\/\\\/www.tt-experten.de\\\/index.php\\\/uber-uns\\\/\",\"name\":\"\u00dcber uns - TT-Experten Ro\u00dfkopf &amp; Wei\u00dfbach\",\"isPartOf\":{\"@id\":\"https:\\\/\\\/www.tt-experten.de\\\/#website\"},\"primaryImageOfPage\":{\"@id\":\"https:\\\/\\\/www.tt-experten.de\\\/index.php\\\/uber-uns\\\/#primaryimage\"},\"image\":{\"@id\":\"https:\\\/\\\/www.tt-experten.de\\\/index.php\\\/uber-uns\\\/#primaryimage\"},\"thumbnailUrl\":\"https:\\\/\\\/www.tt-experten.de\\\/wp-content\\\/uploads\\\/2024\\\/06\\\/tisch_thomas_klaus_verstorben-880x1024.jpg\",\"datePublished\":\"2024-06-22T12:08:20+00:00\",\"dateModified\":\"2024-10-01T15:51:23+00:00\",\"description\":\"Ro\u00dfkopf & Wei\u00dfbach - Die TT-ExpertenIm Fr\u00fchjahr 1991 entschlossen wir (zwei Tischtennis begeisterte Mittzwanziger) uns dazu, im K\u00f6lner Stadtteil Ehrenfeld ein Tischtennis - Fachgesch\u00e4ft zu er\u00f6ffnen. Der Eine (Thomas) war zu diesem Zeitpunkt schon langj\u00e4hriger Bundesligaprofi, der Andere (Klaus) wollte unbedingt sein Hobby zum Beruf machen. Unsere Absicht war es immer, die Bed\u00fcrfnisse unserer Kunden in den Vordergrund zu stellen und dabei gesch\u00e4ftlich erfolgreich zu sein. Optimale Beratung, faire Preise und eine breite Angebotspalette mit gro\u00dfer Markenvielfalt sind bis zum heutigen Tag unser erkl\u00e4rtes Ziel.Die in den letzten 29 Jahren erworbenen Fachkenntnisse f\u00fchrten im Laufe der Jahre dazu, bei den Tischtennis Spielern \u201cKultstatus\u201d zu erlangen. So wurden wir, auch \u00fcberregional, mehr und mehr bekannt. Erfahrung, gepaart mit innovativem Denken, bringen uns t\u00e4glich auf den neusten Stand der Entwicklung. Davon profitieren in erster Linie unsere Tischtennis Spieler.\",\"breadcrumb\":{\"@id\":\"https:\\\/\\\/www.tt-experten.de\\\/index.php\\\/uber-uns\\\/#breadcrumb\"},\"inLanguage\":\"de\",\"potentialAction\":[{\"@type\":\"ReadAction\",\"target\":[\"https:\\\/\\\/www.tt-experten.de\\\/index.php\\\/uber-uns\\\/\"]}]},{\"@type\":\"ImageObject\",\"inLanguage\":\"de\",\"@id\":\"https:\\\/\\\/www.tt-experten.de\\\/index.php\\\/uber-uns\\\/#primaryimage\",\"url\":\"https:\\\/\\\/www.tt-experten.de\\\/wp-content\\\/uploads\\\/2024\\\/06\\\/tisch_thomas_klaus_verstorben-scaled.jpg\",\"contentUrl\":\"https:\\\/\\\/www.tt-experten.de\\\/wp-content\\\/uploads\\\/2024\\\/06\\\/tisch_thomas_klaus_verstorben-scaled.jpg\",\"width\":2199,\"height\":2560},{\"@type\":\"BreadcrumbList\",\"@id\":\"https:\\\/\\\/www.tt-experten.de\\\/index.php\\\/uber-uns\\\/#breadcrumb\",\"itemListElement\":[{\"@type\":\"ListItem\",\"position\":1,\"name\":\"Home\",\"item\":\"https:\\\/\\\/www.tt-experten.de\\\/\"},{\"@type\":\"ListItem\",\"position\":2,\"name\":\"\u00dcber uns\"}]},{\"@type\":\"WebSite\",\"@id\":\"https:\\\/\\\/www.tt-experten.de\\\/#website\",\"url\":\"https:\\\/\\\/www.tt-experten.de\\\/\",\"name\":\"TT-Experten Ro\u00dfkopf & Wei\u00dfbach\",\"description\":\"Tischtennis f\u00fcr Alle\",\"publisher\":{\"@id\":\"https:\\\/\\\/www.tt-experten.de\\\/#organization\"},\"alternateName\":\"TT-Experten\",\"potentialAction\":[{\"@type\":\"SearchAction\",\"target\":{\"@type\":\"EntryPoint\",\"urlTemplate\":\"https:\\\/\\\/www.tt-experten.de\\\/?s={search_term_string}\"},\"query-input\":{\"@type\":\"PropertyValueSpecification\",\"valueRequired\":true,\"valueName\":\"search_term_string\"}}],\"inLanguage\":\"de\"},{\"@type\":\"Organization\",\"@id\":\"https:\\\/\\\/www.tt-experten.de\\\/#organization\",\"name\":\"TT-Experten Ro\u00dfkopf & Wei\u00dfbach\",\"url\":\"https:\\\/\\\/www.tt-experten.de\\\/\",\"logo\":{\"@type\":\"ImageObject\",\"inLanguage\":\"de\",\"@id\":\"https:\\\/\\\/www.tt-experten.de\\\/#\\\/schema\\\/logo\\\/image\\\/\",\"url\":\"https:\\\/\\\/www.tt-experten.de\\\/wp-content\\\/uploads\\\/2024\\\/03\\\/cropped-schoeler_micke_partner_blue.png\",\"contentUrl\":\"https:\\\/\\\/www.tt-experten.de\\\/wp-content\\\/uploads\\\/2024\\\/03\\\/cropped-schoeler_micke_partner_blue.png\",\"width\":160,\"height\":110,\"caption\":\"TT-Experten Ro\u00dfkopf & Wei\u00dfbach\"},\"image\":{\"@id\":\"https:\\\/\\\/www.tt-experten.de\\\/#\\\/schema\\\/logo\\\/image\\\/\"},\"sameAs\":[\"https:\\\/\\\/www.facebook.com\\\/ttexpertenkoeln\",\"https:\\\/\\\/www.instagram.com\\\/tt.experten.rosskopf.weissbach\\\/\"]}]}<\/script>\n<!-- \/ Yoast SEO plugin. -->","yoast_head_json":{"title":"\u00dcber uns - TT-Experten Ro\u00dfkopf &amp; Wei\u00dfbach","description":"Ro\u00dfkopf & Wei\u00dfbach - Die TT-ExpertenIm Fr\u00fchjahr 1991 entschlossen wir (zwei Tischtennis begeisterte Mittzwanziger) uns dazu, im K\u00f6lner Stadtteil Ehrenfeld ein Tischtennis - Fachgesch\u00e4ft zu er\u00f6ffnen. Der Eine (Thomas) war zu diesem Zeitpunkt schon langj\u00e4hriger Bundesligaprofi, der Andere (Klaus) wollte unbedingt sein Hobby zum Beruf machen. Unsere Absicht war es immer, die Bed\u00fcrfnisse unserer Kunden in den Vordergrund zu stellen und dabei gesch\u00e4ftlich erfolgreich zu sein. Optimale Beratung, faire Preise und eine breite Angebotspalette mit gro\u00dfer Markenvielfalt sind bis zum heutigen Tag unser erkl\u00e4rtes Ziel.Die in den letzten 29 Jahren erworbenen Fachkenntnisse f\u00fchrten im Laufe der Jahre dazu, bei den Tischtennis Spielern \u201cKultstatus\u201d zu erlangen. So wurden wir, auch \u00fcberregional, mehr und mehr bekannt. Erfahrung, gepaart mit innovativem Denken, bringen uns t\u00e4glich auf den neusten Stand der Entwicklung. Davon profitieren in erster Linie unsere Tischtennis Spieler.","robots":{"index":"index","follow":"follow","max-snippet":"max-snippet:-1","max-image-preview":"max-image-preview:large","max-video-preview":"max-video-preview:-1"},"canonical":"https:\/\/www.tt-experten.de\/index.php\/uber-uns\/","og_locale":"de_DE","og_type":"article","og_title":"\u00dcber uns - TT-Experten Ro\u00dfkopf &amp; Wei\u00dfbach","og_description":"Ro\u00dfkopf & Wei\u00dfbach - Die TT-ExpertenIm Fr\u00fchjahr 1991 entschlossen wir (zwei Tischtennis begeisterte Mittzwanziger) uns dazu, im K\u00f6lner Stadtteil Ehrenfeld ein Tischtennis - Fachgesch\u00e4ft zu er\u00f6ffnen. Der Eine (Thomas) war zu diesem Zeitpunkt schon langj\u00e4hriger Bundesligaprofi, der Andere (Klaus) wollte unbedingt sein Hobby zum Beruf machen. Unsere Absicht war es immer, die Bed\u00fcrfnisse unserer Kunden in den Vordergrund zu stellen und dabei gesch\u00e4ftlich erfolgreich zu sein. Optimale Beratung, faire Preise und eine breite Angebotspalette mit gro\u00dfer Markenvielfalt sind bis zum heutigen Tag unser erkl\u00e4rtes Ziel.Die in den letzten 29 Jahren erworbenen Fachkenntnisse f\u00fchrten im Laufe der Jahre dazu, bei den Tischtennis Spielern \u201cKultstatus\u201d zu erlangen. So wurden wir, auch \u00fcberregional, mehr und mehr bekannt. Erfahrung, gepaart mit innovativem Denken, bringen uns t\u00e4glich auf den neusten Stand der Entwicklung. Davon profitieren in erster Linie unsere Tischtennis Spieler.","og_url":"https:\/\/www.tt-experten.de\/index.php\/uber-uns\/","og_site_name":"TT-Experten Ro\u00dfkopf &amp; Wei\u00dfbach","article_publisher":"https:\/\/www.facebook.com\/ttexpertenkoeln","article_modified_time":"2024-10-01T15:51:23+00:00","og_image":[{"url":"https:\/\/www.tt-experten.de\/wp-content\/uploads\/2024\/06\/tisch_thomas_klaus_verstorben-880x1024.jpg","type":"","width":"","height":""}],"twitter_card":"summary_large_image","twitter_misc":{"Gesch\u00e4tzte Lesezeit":"3\u00a0Minuten"},"schema":{"@context":"https:\/\/schema.org","@graph":[{"@type":"WebPage","@id":"https:\/\/www.tt-experten.de\/index.php\/uber-uns\/","url":"https:\/\/www.tt-experten.de\/index.php\/uber-uns\/","name":"\u00dcber uns - TT-Experten Ro\u00dfkopf &amp; Wei\u00dfbach","isPartOf":{"@id":"https:\/\/www.tt-experten.de\/#website"},"primaryImageOfPage":{"@id":"https:\/\/www.tt-experten.de\/index.php\/uber-uns\/#primaryimage"},"image":{"@id":"https:\/\/www.tt-experten.de\/index.php\/uber-uns\/#primaryimage"},"thumbnailUrl":"https:\/\/www.tt-experten.de\/wp-content\/uploads\/2024\/06\/tisch_thomas_klaus_verstorben-880x1024.jpg","datePublished":"2024-06-22T12:08:20+00:00","dateModified":"2024-10-01T15:51:23+00:00","description":"Ro\u00dfkopf & Wei\u00dfbach - Die TT-ExpertenIm Fr\u00fchjahr 1991 entschlossen wir (zwei Tischtennis begeisterte Mittzwanziger) uns dazu, im K\u00f6lner Stadtteil Ehrenfeld ein Tischtennis - Fachgesch\u00e4ft zu er\u00f6ffnen. Der Eine (Thomas) war zu diesem Zeitpunkt schon langj\u00e4hriger Bundesligaprofi, der Andere (Klaus) wollte unbedingt sein Hobby zum Beruf machen. Unsere Absicht war es immer, die Bed\u00fcrfnisse unserer Kunden in den Vordergrund zu stellen und dabei gesch\u00e4ftlich erfolgreich zu sein. Optimale Beratung, faire Preise und eine breite Angebotspalette mit gro\u00dfer Markenvielfalt sind bis zum heutigen Tag unser erkl\u00e4rtes Ziel.Die in den letzten 29 Jahren erworbenen Fachkenntnisse f\u00fchrten im Laufe der Jahre dazu, bei den Tischtennis Spielern \u201cKultstatus\u201d zu erlangen. So wurden wir, auch \u00fcberregional, mehr und mehr bekannt. Erfahrung, gepaart mit innovativem Denken, bringen uns t\u00e4glich auf den neusten Stand der Entwicklung. Davon profitieren in erster Linie unsere Tischtennis Spieler.","breadcrumb":{"@id":"https:\/\/www.tt-experten.de\/index.php\/uber-uns\/#breadcrumb"},"inLanguage":"de","potentialAction":[{"@type":"ReadAction","target":["https:\/\/www.tt-experten.de\/index.php\/uber-uns\/"]}]},{"@type":"ImageObject","inLanguage":"de","@id":"https:\/\/www.tt-experten.de\/index.php\/uber-uns\/#primaryimage","url":"https:\/\/www.tt-experten.de\/wp-content\/uploads\/2024\/06\/tisch_thomas_klaus_verstorben-scaled.jpg","contentUrl":"https:\/\/www.tt-experten.de\/wp-content\/uploads\/2024\/06\/tisch_thomas_klaus_verstorben-scaled.jpg","width":2199,"height":2560},{"@type":"BreadcrumbList","@id":"https:\/\/www.tt-experten.de\/index.php\/uber-uns\/#breadcrumb","itemListElement":[{"@type":"ListItem","position":1,"name":"Home","item":"https:\/\/www.tt-experten.de\/"},{"@type":"ListItem","position":2,"name":"\u00dcber uns"}]},{"@type":"WebSite","@id":"https:\/\/www.tt-experten.de\/#website","url":"https:\/\/www.tt-experten.de\/","name":"TT-Experten Ro\u00dfkopf & Wei\u00dfbach","description":"Tischtennis f\u00fcr Alle","publisher":{"@id":"https:\/\/www.tt-experten.de\/#organization"},"alternateName":"TT-Experten","potentialAction":[{"@type":"SearchAction","target":{"@type":"EntryPoint","urlTemplate":"https:\/\/www.tt-experten.de\/?s={search_term_string}"},"query-input":{"@type":"PropertyValueSpecification","valueRequired":true,"valueName":"search_term_string"}}],"inLanguage":"de"},{"@type":"Organization","@id":"https:\/\/www.tt-experten.de\/#organization","name":"TT-Experten Ro\u00dfkopf & Wei\u00dfbach","url":"https:\/\/www.tt-experten.de\/","logo":{"@type":"ImageObject","inLanguage":"de","@id":"https:\/\/www.tt-experten.de\/#\/schema\/logo\/image\/","url":"https:\/\/www.tt-experten.de\/wp-content\/uploads\/2024\/03\/cropped-schoeler_micke_partner_blue.png","contentUrl":"https:\/\/www.tt-experten.de\/wp-content\/uploads\/2024\/03\/cropped-schoeler_micke_partner_blue.png","width":160,"height":110,"caption":"TT-Experten Ro\u00dfkopf & Wei\u00dfbach"},"image":{"@id":"https:\/\/www.tt-experten.de\/#\/schema\/logo\/image\/"},"sameAs":["https:\/\/www.facebook.com\/ttexpertenkoeln","https:\/\/www.instagram.com\/tt.experten.rosskopf.weissbach\/"]}]}},"_links":{"self":[{"href":"https:\/\/www.tt-experten.de\/index.php\/wp-json\/wp\/v2\/pages\/178","targetHints":{"allow":["GET"]}}],"collection":[{"href":"https:\/\/www.tt-experten.de\/index.php\/wp-json\/wp\/v2\/pages"}],"about":[{"href":"https:\/\/www.tt-experten.de\/index.php\/wp-json\/wp\/v2\/types\/page"}],"author":[{"embeddable":true,"href":"https:\/\/www.tt-experten.de\/index.php\/wp-json\/wp\/v2\/users\/1"}],"replies":[{"embeddable":true,"href":"https:\/\/www.tt-experten.de\/index.php\/wp-json\/wp\/v2\/comments?post=178"}],"version-history":[{"count":4,"href":"https:\/\/www.tt-experten.de\/index.php\/wp-json\/wp\/v2\/pages\/178\/revisions"}],"predecessor-version":[{"id":423,"href":"https:\/\/www.tt-experten.de\/index.php\/wp-json\/wp\/v2\/pages\/178\/revisions\/423"}],"wp:attachment":[{"href":"https:\/\/www.tt-experten.de\/index.php\/wp-json\/wp\/v2\/media?parent=178"}],"curies":[{"name":"wp","href":"https:\/\/api.w.org\/{rel}","templated":true}]}}